{"id":218,"date":"2016-11-27T17:11:09","date_gmt":"2016-11-27T15:11:09","guid":{"rendered":"https:\/\/sietuva.lt\/?page_id=218"},"modified":"2025-07-21T13:59:00","modified_gmt":"2025-07-21T11:59:00","slug":"about-us","status":"publish","type":"page","link":"https:\/\/sietuva.lt\/index.php\/en\/about-us\/","title":{"rendered":"About Us"},"content":{"rendered":"<div id=\"pl-218\"  class=\"panel-layout\" ><div id=\"pg-218-0\"  class=\"panel-grid panel-no-style\" ><div id=\"pgc-218-0-0\"  class=\"panel-grid-cell\" ><div id=\"panel-218-0-0-0\" class=\"so-panel widget widget_sow-editor panel-first-child panel-last-child\" data-index=\"0\" ><div\n\t\t\t\n\t\t\tclass=\"so-widget-sow-editor so-widget-sow-editor-base\"\n\t\t\t\n\t\t>\n<div class=\"siteorigin-widget-tinymce textwidget\">\n\t<p style=\"text-align: center;\"><a href=\"https:\/\/www.facebook.com\/sietuva.ensemble.lithuanian.folk.dances\/?fref=ts\" target=\"_blank\"><img decoding=\"async\" loading=\"lazy\" class=\"aligncenter wp-image-377\" src=\"https:\/\/sietuva.lt\/wp-content\/uploads\/2016\/11\/facebook-icon-5.png\" alt=\"facebook-icon-5\" width=\"110\" height=\"110\" srcset=\"https:\/\/sietuva.lt\/wp-content\/uploads\/2016\/11\/facebook-icon-5.png 1200w, https:\/\/sietuva.lt\/wp-content\/uploads\/2016\/11\/facebook-icon-5-150x150.png 150w, https:\/\/sietuva.lt\/wp-content\/uploads\/2016\/11\/facebook-icon-5-300x300.png 300w, https:\/\/sietuva.lt\/wp-content\/uploads\/2016\/11\/facebook-icon-5-768x770.png 768w, https:\/\/sietuva.lt\/wp-content\/uploads\/2016\/11\/facebook-icon-5-1021x1024.png 1021w\" sizes=\"(max-width: 110px) 100vw, 110px\" \/><\/a>Find more about us<\/p>\n<\/div>\n<\/div><\/div><\/div><div id=\"pgc-218-0-1\"  class=\"panel-grid-cell\" ><div id=\"panel-218-0-1-0\" class=\"so-panel widget widget_sow-editor panel-first-child panel-last-child\" data-index=\"1\" ><div\n\t\t\t\n\t\t\tclass=\"so-widget-sow-editor so-widget-sow-editor-base\"\n\t\t\t\n\t\t>\n<div class=\"siteorigin-widget-tinymce textwidget\">\n\t<p><a href=\"https:\/\/www.youtube.com\/channel\/UCZ9gDFLDbnCzH97_QzpjfCQ\" target=\"_blank\"><img decoding=\"async\" loading=\"lazy\" class=\"aligncenter\" src=\"https:\/\/sietuva.lt\/wp-content\/uploads\/2016\/11\/Untitled-1-38.png\" alt=\"Untitled-1-38\" width=\"100\" height=\"110\" \/><\/a><\/p>\n<p style=\"text-align: center;\">See our dances<\/p>\n<\/div>\n<\/div><\/div><\/div><div id=\"pgc-218-0-2\"  class=\"panel-grid-cell\" ><div id=\"panel-218-0-2-0\" class=\"so-panel widget widget_sow-editor panel-first-child panel-last-child\" data-index=\"2\" ><div\n\t\t\t\n\t\t\tclass=\"so-widget-sow-editor so-widget-sow-editor-base\"\n\t\t\t\n\t\t>\n<div class=\"siteorigin-widget-tinymce textwidget\">\n\t<p style=\"text-align: center;\"><a href=\"https:\/\/www.pakartot.lt\/alias\/sietuva\" target=\"_blank\"><img decoding=\"async\" loading=\"lazy\" class=\"wp-image-379 aligncenter\" src=\"https:\/\/sietuva.lt\/wp-content\/uploads\/2016\/11\/unnamed.png\" alt=\"unnamed\" width=\"110\" height=\"110\" srcset=\"https:\/\/sietuva.lt\/wp-content\/uploads\/2016\/11\/unnamed.png 300w, https:\/\/sietuva.lt\/wp-content\/uploads\/2016\/11\/unnamed-150x150.png 150w\" sizes=\"(max-width: 110px) 100vw, 110px\" \/><\/a>Listen our music<\/p>\n<\/div>\n<\/div><\/div><\/div><\/div><div id=\"pg-218-1\"  class=\"panel-grid panel-no-style\" ><div id=\"pgc-218-1-0\"  class=\"panel-grid-cell\" ><div id=\"panel-218-1-0-0\" class=\"so-panel widget widget_sow-editor panel-first-child\" data-index=\"3\" ><div\n\t\t\t\n\t\t\tclass=\"so-widget-sow-editor so-widget-sow-editor-base\"\n\t\t\t\n\t\t>\n<div class=\"siteorigin-widget-tinymce textwidget\">\n\t<p style=\"text-align: justify;\"><em><strong><img decoding=\"async\" loading=\"lazy\" class=\"size-full wp-image-222 alignright\" src=\"https:\/\/sietuva.lt\/wp-content\/uploads\/2016\/11\/sietuva_uzrasas-1.jpg\" alt=\"sietuva_uzrasas\" width=\"205\" height=\"154\" \/><\/strong><\/em><\/p>\n<p style=\"text-align: justify;\"><em><strong>SIETUVA<\/strong>\u00a0<\/em>is a youth folk dance ensemble, which was established in 1956 by several girls. The ensemble grew rapidly: during the second decade of its existence it was attended by 80 dancers. The ensemble gave around 30 concerts a year at that time. Also, a folk instrument orchestra was added. <em>Sietuva<\/em> was invited to participate in a World Youth Festival and in XX Summer Olympics in Moscow, which was a sign of recognition.<\/p>\n<p style=\"text-align: justify;\">Currently <strong><em>Sietuva<\/em><\/strong> comprises of a dance ensemble and a folk instruments orchestra. The majority of its members are students of various universities based in Vilnius. The ensemble seeks to perform new dances and to revive previously performed dances by cooperating with professional choreographers. We strive to include creative works based on authentic ethnic sources in our repertoire. Our purpose is to spread folk culture to a modern audience in Lithuania and abroad with the help of folk dances and music.<\/p>\n<p style=\"text-align: justify;\"><strong><em>Sietuva<\/em><\/strong> is a regular participant in Lithuanian Song Festivals and in the Baltic student song and dance festival <em>Gaudeamus.<\/em> Every year the ensemble tours abroad and gives concerts to foreign audiences. <strong><em>Sietuva<\/em><\/strong> has participated in many international festivals aroud Europe and elsewhere.<\/p>\n<p style=\"text-align: justify;\">In 2003 <strong><em>Sietuva<\/em> <\/strong>was awarded The Golden Bird Prize (<em>Aukso pauk\u0161te<\/em>) as the best Lithuanian folk dance ensemble of 2003. The folk instruments orchestra of <em>Sietuva<\/em> has recorded a two compact discs with pieces of music from its repertoire.<\/p>\n<p style=\"text-align: justify;\">Currently<strong><em> Sietuva<\/em><\/strong> is a youth ensemble full of energy, happy to collaborate with Lithuanian and foreign artists and passionately spreading cultural diversity in the modern open world.<\/p>\n<blockquote>\n<p style=\"text-align: justify;\">The word <strong><em>\"sietuva\"<\/em><\/strong> means confluence of lakes or rivers.<\/p>\n<\/blockquote>\n<p style=\"text-align: left;\">\u00a0<\/p>\n<\/div>\n<\/div><\/div><div id=\"panel-218-1-0-1\" class=\"so-panel widget widget_sow-editor panel-last-child\" data-index=\"4\" ><div\n\t\t\t\n\t\t\tclass=\"so-widget-sow-editor so-widget-sow-editor-base\"\n\t\t\t\n\t\t>\n<div class=\"siteorigin-widget-tinymce textwidget\">\n\t<p><strong>MAIN INFORMATION<\/strong><\/p>\n<table style=\"height: 1243px; width: 1039px;\">\n<tbody>\n<tr style=\"height: 22px;\">\n<td style=\"width: 423px; height: 22px;\"><strong>Name of the group<\/strong><\/td>\n<td style=\"width: 603px; height: 22px;\"><em>Youth folk dance ensemble \u201cSIETUVA\u201d<\/em><\/td>\n<\/tr>\n<tr style=\"height: 22px;\">\n<td style=\"width: 423px; height: 22px;\"><strong>Name of the director<\/strong><\/td>\n<td style=\"width: 603px; height: 22px;\"><em>Mr. Edmundas Zicka (since 2011)<\/em><\/td>\n<\/tr>\n<tr style=\"height: 22px;\">\n<td style=\"width: 423px; height: 22px;\"><strong>Country, Town<\/strong><\/td>\n<td style=\"width: 603px; height: 22px;\"><em>Lithuania, Vilnius<\/em><\/td>\n<\/tr>\n<tr style=\"height: 22px;\">\n<td style=\"width: 423px; height: 22px;\"><strong>Organization for which the group belong<\/strong><\/td>\n<td style=\"width: 603px; height: 22px;\"><em>Vilnius college of technologies and design<\/em><\/td>\n<\/tr>\n<tr style=\"height: 22px;\">\n<td style=\"width: 423px; height: 22px;\"><strong>The date of founding the group<\/strong><\/td>\n<td style=\"width: 603px; height: 22px;\"><em>1956<\/em><\/td>\n<\/tr>\n<tr style=\"height: 18px;\">\n<td style=\"width: 423px; height: 18px;\"><strong>Group classification (by CIOFF)<\/strong><\/td>\n<td style=\"width: 603px; height: 18px;\"><em>Elaborated - Stylized<\/em><\/td>\n<\/tr>\n<tr style=\"height: 18px;\">\n<td style=\"width: 423px; height: 18px;\"><strong>Number of participants<\/strong><\/td>\n<td style=\"width: 603px; height: 18px;\"><em>Dancers \u223c\u00a024, \u00a0Musicians\u00a0\u223c 9<\/em><\/td>\n<\/tr>\n<tr style=\"height: 18.072px;\">\n<td style=\"width: 423px; height: 18.072px;\"><strong>Age of participants<\/strong><\/td>\n<td style=\"width: 603px; height: 18.072px;\"><em>18 \u2013 30<\/em><\/td>\n<\/tr>\n<tr style=\"height: 18px;\">\n<td style=\"width: 423px; height: 18px; vertical-align: top;\"><strong>Type of music instruments used in performances<\/strong><\/td>\n<td style=\"width: 603px; height: 18px;\">Birbyne \u2013 national Lithuanian wind instrument<\/p>\n<p>Kankles \u2013 national Lithuanian stringed instrument<\/p>\n<p>Lumzdelis \u2013 national Lithuanian wind instrument<\/p>\n<p>Accordion, clarinet, folk bass instrument and others<\/p>\n<\/td>\n<\/tr>\n<tr style=\"height: 18px;\">\n<td style=\"width: 423px; height: 18px; vertical-align: top;\"><strong>Costumes<\/strong><\/td>\n<td style=\"width: 603px; height: 18px;\"><em>Southeast of Lithuania (the region of Dzukija). From the end of XIX century. Description: woolen, color, checked<\/em><\/td>\n<\/tr>\n<tr style=\"height: 18px;\">\n<td style=\"width: 423px; height: 18px; vertical-align: top;\"><strong>Recent performances abroad<\/strong><\/td>\n<td style=\"width: 603px; height: 18px;\">2024. VIII.21-26 Agrinio international folk festival (Agrinio, GREECE)<\/p>\n<p>2018.VI.22-24 <em>Student\u2018s Song and Dance Festival of the Baltic States \"GAUDEAMUS XVIII\" (Tartu, ESTONIA)<\/em><\/p>\n<p>2017. VIII. 12-22 International folklore festival and folk art fair \"Summerfest\" (Sz\u00e1zhalombatta, R\u00e1ckeve, T\u00f6k\u00f6l \/ HUNGARY)<\/p>\n<p><em>2016. VII. 22-28 International Youth dance festival (MACAO)<\/em><\/p>\n<p><em>2015. VIII. 7-10 Performances in Italy (San Gregorio Magno, Lavello, Pignola, Savoia di Lucania \/ ITALY) <\/em><\/p>\n<p><em>2015. IX. 16-22 Luoyang Heluo Cultural Tourism festival 2015 (Luoyang \/ CHINA)<\/em><\/p>\n<p><em>2014. VI. 27-29 Student\u2018s Song and Dance Festival of the Baltic States \"GAUDEAMUS XVII\" (Daugavpils \/ LATVIA)<\/em><\/p>\n<p><em>2014. IX. 5-7 FESTIVAL \"Wilno w Gdansku\" (Gdansk \/ POLAND)<\/em><\/p>\n<p><em>2014. XII. 12-14 Performances in Christmas market in Minsk (Minsk \/ BELARUS)<\/em><\/p>\n<p><em>2013 VIII 11-17 XXIX International folklore festival of Azores (Terceira \/ PORTUGAL)<\/em><\/p>\n<p><em>2012 VII 7-13 48th International festival de FOLKLORE de CHATEAU GOMBERT (Marseille \/ FRANCE)<\/em><\/p>\n<p><em>2011 VII 2-3 Germany, Berlin. World Culture Festival in Berlin<\/em><\/p>\n<p><em>2010 VII 7-15 Italy, Treviso. 3rd International Sile Folk festival 2010<\/em><\/p>\n<p><em>2009 VII 10-13 Germany, Bitburg. 45th Bitburg European Folklore Festival<\/em><\/p>\n<p><em>2008 V 8-12 Netherlands, Sluiskil. International Folk Festival \"Folk on the Schelde\".<\/em><\/p>\n<p><em>2007 VI 12-15 Germany, Erfurt. International Folk Festival \u201cDanetzare\u201907\u201d<\/em><\/p>\n<p><em>2006 VI 30 \u2013 VII 02 Estonia, Tartu. Students Song and Dance Festival of the Baltic States GAUDEAMUS XV<\/em><\/p>\n<p><em>2005 VI 29 \u2013 VII 03 Netherlands, Warffum. 40th International Folklore Festival \u201cOpRoakeldais\u201d<\/em><\/p>\n<\/td>\n<\/tr>\n<\/tbody>\n<\/table>\n<\/div>\n<\/div><\/div><\/div><\/div><\/div>","protected":false},"excerpt":{"rendered":"<p>Find more about us See our dances Listen our music SIETUVA\u00a0is a youth folk dance ensemble, which was established in 1956 by several girls. The ensemble grew rapidly: during the second decade of its existence it was attended by 80 dancers. The ensemble gave around 30 concerts a year at that time. Also, a folk&hellip;<\/p>\n","protected":false},"author":1,"featured_media":0,"parent":0,"menu_order":0,"comment_status":"closed","ping_status":"closed","template":"","meta":{"_mi_skip_tracking":false},"yoast_head":"<!-- This site is optimized with the Yoast SEO plugin v19.0 - https:\/\/yoast.com\/wordpress\/plugins\/seo\/ -->\n<title>About Us - Tautini\u0173 \u0161oki\u0173 kolektyvas Vilniuje<\/title>\n<meta name=\"robots\" content=\"index, follow, max-snippet:-1, max-image-preview:large, max-video-preview:-1\" \/>\n<link rel=\"canonical\" href=\"https:\/\/sietuva.lt\/index.php\/en\/about-us\/\" \/>\n<meta property=\"og:locale\" content=\"en_US\" \/>\n<meta property=\"og:type\" content=\"article\" \/>\n<meta property=\"og:title\" content=\"About Us - Tautini\u0173 \u0161oki\u0173 kolektyvas Vilniuje\" \/>\n<meta property=\"og:description\" content=\"Find more about us See our dances Listen our music SIETUVA\u00a0is a youth folk dance ensemble, which was established in 1956 by several girls. The ensemble grew rapidly: during the second decade of its existence it was attended by 80 dancers. The ensemble gave around 30 concerts a year at that time. Also, a folk&hellip;\" \/>\n<meta property=\"og:url\" content=\"https:\/\/sietuva.lt\/index.php\/en\/about-us\/\" \/>\n<meta property=\"og:site_name\" content=\"Tautini\u0173 \u0161oki\u0173 kolektyvas Vilniuje\" \/>\n<meta property=\"article:modified_time\" content=\"2025-07-21T11:59:00+00:00\" \/>\n<meta property=\"og:image\" content=\"https:\/\/sietuva.lt\/wp-content\/uploads\/2016\/11\/facebook-icon-5.png\" \/>\n<meta name=\"twitter:card\" content=\"summary\" \/>\n<meta name=\"twitter:label1\" content=\"Est. reading time\" \/>\n\t<meta name=\"twitter:data1\" content=\"3 minutes\" \/>\n<script type=\"application\/ld+json\" class=\"yoast-schema-graph\">{\"@context\":\"https:\/\/schema.org\",\"@graph\":[{\"@type\":\"WebSite\",\"@id\":\"https:\/\/sietuva.lt\/#website\",\"url\":\"https:\/\/sietuva.lt\/\",\"name\":\"Tautini\u0173 \u0161oki\u0173 kolektyvas Vilniuje\",\"description\":\"Ansamblis SIETUVA\",\"potentialAction\":[{\"@type\":\"SearchAction\",\"target\":{\"@type\":\"EntryPoint\",\"urlTemplate\":\"https:\/\/sietuva.lt\/?s={search_term_string}\"},\"query-input\":\"required name=search_term_string\"}],\"inLanguage\":\"en-US\"},{\"@type\":\"ImageObject\",\"inLanguage\":\"en-US\",\"@id\":\"https:\/\/sietuva.lt\/index.php\/en\/about-us\/#primaryimage\",\"url\":\"https:\/\/sietuva.lt\/wp-content\/uploads\/2016\/11\/facebook-icon-5.png\",\"contentUrl\":\"https:\/\/sietuva.lt\/wp-content\/uploads\/2016\/11\/facebook-icon-5.png\",\"width\":1200,\"height\":1203},{\"@type\":\"WebPage\",\"@id\":\"https:\/\/sietuva.lt\/index.php\/en\/about-us\/#webpage\",\"url\":\"https:\/\/sietuva.lt\/index.php\/en\/about-us\/\",\"name\":\"About Us - Tautini\u0173 \u0161oki\u0173 kolektyvas Vilniuje\",\"isPartOf\":{\"@id\":\"https:\/\/sietuva.lt\/#website\"},\"primaryImageOfPage\":{\"@id\":\"https:\/\/sietuva.lt\/index.php\/en\/about-us\/#primaryimage\"},\"datePublished\":\"2016-11-27T15:11:09+00:00\",\"dateModified\":\"2025-07-21T11:59:00+00:00\",\"breadcrumb\":{\"@id\":\"https:\/\/sietuva.lt\/index.php\/en\/about-us\/#breadcrumb\"},\"inLanguage\":\"en-US\",\"potentialAction\":[{\"@type\":\"ReadAction\",\"target\":[\"https:\/\/sietuva.lt\/index.php\/en\/about-us\/\"]}]},{\"@type\":\"BreadcrumbList\",\"@id\":\"https:\/\/sietuva.lt\/index.php\/en\/about-us\/#breadcrumb\",\"itemListElement\":[{\"@type\":\"ListItem\",\"position\":1,\"name\":\"Home\",\"item\":\"https:\/\/sietuva.lt\/\"},{\"@type\":\"ListItem\",\"position\":2,\"name\":\"About Us\"}]}]}<\/script>\n<!-- \/ Yoast SEO plugin. -->","yoast_head_json":{"title":"About Us - Tautini\u0173 \u0161oki\u0173 kolektyvas Vilniuje","robots":{"index":"index","follow":"follow","max-snippet":"max-snippet:-1","max-image-preview":"max-image-preview:large","max-video-preview":"max-video-preview:-1"},"canonical":"https:\/\/sietuva.lt\/index.php\/en\/about-us\/","og_locale":"en_US","og_type":"article","og_title":"About Us - Tautini\u0173 \u0161oki\u0173 kolektyvas Vilniuje","og_description":"Find more about us See our dances Listen our music SIETUVA\u00a0is a youth folk dance ensemble, which was established in 1956 by several girls. The ensemble grew rapidly: during the second decade of its existence it was attended by 80 dancers. The ensemble gave around 30 concerts a year at that time. Also, a folk&hellip;","og_url":"https:\/\/sietuva.lt\/index.php\/en\/about-us\/","og_site_name":"Tautini\u0173 \u0161oki\u0173 kolektyvas Vilniuje","article_modified_time":"2025-07-21T11:59:00+00:00","og_image":[{"url":"https:\/\/sietuva.lt\/wp-content\/uploads\/2016\/11\/facebook-icon-5.png"}],"twitter_card":"summary","twitter_misc":{"Est. reading time":"3 minutes"},"schema":{"@context":"https:\/\/schema.org","@graph":[{"@type":"WebSite","@id":"https:\/\/sietuva.lt\/#website","url":"https:\/\/sietuva.lt\/","name":"Tautini\u0173 \u0161oki\u0173 kolektyvas Vilniuje","description":"Ansamblis SIETUVA","potentialAction":[{"@type":"SearchAction","target":{"@type":"EntryPoint","urlTemplate":"https:\/\/sietuva.lt\/?s={search_term_string}"},"query-input":"required name=search_term_string"}],"inLanguage":"en-US"},{"@type":"ImageObject","inLanguage":"en-US","@id":"https:\/\/sietuva.lt\/index.php\/en\/about-us\/#primaryimage","url":"https:\/\/sietuva.lt\/wp-content\/uploads\/2016\/11\/facebook-icon-5.png","contentUrl":"https:\/\/sietuva.lt\/wp-content\/uploads\/2016\/11\/facebook-icon-5.png","width":1200,"height":1203},{"@type":"WebPage","@id":"https:\/\/sietuva.lt\/index.php\/en\/about-us\/#webpage","url":"https:\/\/sietuva.lt\/index.php\/en\/about-us\/","name":"About Us - Tautini\u0173 \u0161oki\u0173 kolektyvas Vilniuje","isPartOf":{"@id":"https:\/\/sietuva.lt\/#website"},"primaryImageOfPage":{"@id":"https:\/\/sietuva.lt\/index.php\/en\/about-us\/#primaryimage"},"datePublished":"2016-11-27T15:11:09+00:00","dateModified":"2025-07-21T11:59:00+00:00","breadcrumb":{"@id":"https:\/\/sietuva.lt\/index.php\/en\/about-us\/#breadcrumb"},"inLanguage":"en-US","potentialAction":[{"@type":"ReadAction","target":["https:\/\/sietuva.lt\/index.php\/en\/about-us\/"]}]},{"@type":"BreadcrumbList","@id":"https:\/\/sietuva.lt\/index.php\/en\/about-us\/#breadcrumb","itemListElement":[{"@type":"ListItem","position":1,"name":"Home","item":"https:\/\/sietuva.lt\/"},{"@type":"ListItem","position":2,"name":"About Us"}]}]}},"_links":{"self":[{"href":"https:\/\/sietuva.lt\/index.php\/wp-json\/wp\/v2\/pages\/218"}],"collection":[{"href":"https:\/\/sietuva.lt\/index.php\/wp-json\/wp\/v2\/pages"}],"about":[{"href":"https:\/\/sietuva.lt\/index.php\/wp-json\/wp\/v2\/types\/page"}],"author":[{"embeddable":true,"href":"https:\/\/sietuva.lt\/index.php\/wp-json\/wp\/v2\/users\/1"}],"replies":[{"embeddable":true,"href":"https:\/\/sietuva.lt\/index.php\/wp-json\/wp\/v2\/comments?post=218"}],"version-history":[{"count":15,"href":"https:\/\/sietuva.lt\/index.php\/wp-json\/wp\/v2\/pages\/218\/revisions"}],"predecessor-version":[{"id":853,"href":"https:\/\/sietuva.lt\/index.php\/wp-json\/wp\/v2\/pages\/218\/revisions\/853"}],"wp:attachment":[{"href":"https:\/\/sietuva.lt\/index.php\/wp-json\/wp\/v2\/media?parent=218"}],"curies":[{"name":"wp","href":"https:\/\/api.w.org\/{rel}","templated":true}]}}