{"id":240,"date":"2016-11-27T18:30:13","date_gmt":"2016-11-27T16:30:13","guid":{"rendered":"https:\/\/sietuva.lt\/?page_id=240"},"modified":"2021-01-19T09:27:33","modified_gmt":"2021-01-19T07:27:33","slug":"uber-uns","status":"publish","type":"page","link":"https:\/\/sietuva.lt\/index.php\/de\/uber-uns\/","title":{"rendered":"\u00dcber uns"},"content":{"rendered":"<p style=\"text-align: justify;\"><em><strong>SIETUVA<\/strong><\/em> ist ein Jugendensemble der Nationalt\u00e4nze. Es wurde 1956 auf Initiative einiger jungen Leute gegr\u00fcndet. Dieses Ensemble wuchs schnell: im 2. Jahrzent seiner Existenz z\u00e4hlte es etwa 80 T\u00e4nzer. Pro Jahr hatte das Kollektiv \u00fcber 30 Konzerte. Au\u00dferdem wurde hier ein Orchester der Volksinstrumente gebildet. <strong>Sietuva<\/strong> erlebte seine Bl\u00fctezeit in den Jahren der Sowjetunion, deshalb war es in vielen Sowjetrepubliken auf Gastrolle und verdiente eine Anerkennung und Einladung zu dem Jugend-Welt-Festival, auch zu den 20. Olympischen Sommerspielen in Moskau.<\/p>\n<p style=\"text-align: justify;\">Das heutige Ensemble <strong>Sietuva<\/strong> besteht aus einem Tanzensemble und einem Orchester der Volksinstrumente. Viele von den Mitgliedern sind Studenten aus verschiedenen Universit\u00e4ten von Vilnius. Das Kollektiv arbeitet mit den Berufschoreographen zusammen, um neue Werke zu entdecken und einzustudieren bzw. die alten zu erneuern. Man bem\u00fcht sich auf den Spielplan mehr Werke der authentischen ethnischen Volkskunstquellen aufzunehmen. Das Ziel des Ensembles besteht darin, die Volkskultur durch den Nationaltanz und das Nationallied dem Gegenwartspublikum im Vaterland und im Ausland zu verbreiten.<\/p>\n<p style=\"text-align: justify;\"><strong>Sietuva<\/strong> nimmt st\u00e4ndig an den Liedfesten der Weltlitauer und an dem Studentenlieder- und Tanzfestival \u201eGaudeamus\u201c teil. Jedes Jahr f\u00e4hrt das Ensemble ins Ausland zur Gastrolle und veranstaltet Konzerte f\u00fcr Zuschauer des Auslands. Das Kollektiv beteiligte sich an den internationalen Festivals in Belgien, in der T\u00fcrkei, in Polen, Frankreich, Lettland, Holland und Deutschland.<\/p>\n<p style=\"text-align: justify;\">2003 wurde Sietuva zum besten Nationaltanzensemble in Litauen ernannt und mit dem Preis \u201cAukso pauk\u0161t\u0117\u201c (der goldene Vogel) ausgezeichnet. Das Orchester der Volksinstrumente dieses Ensembles hat zwei CD herausgegeben, in der alte und neue Melodien aufgenommen sind.<\/p>\n<p style=\"text-align: justify;\">Das gegenw\u00e4rtige <strong>Sietuva<\/strong> ist ein tatkr\u00e4ftiges Jugendkollektiv, das gern mit den litauischen und ausl\u00e4ndischen Interpretern zusammenarbeitet und mit vollem Herzen die kulturelle Vielfalt in der f\u00fcr Vereinigung strebenden Welt f\u00f6rdert.<\/p>\n<blockquote><p>Das Wort sietuva bedeutet Zusammenfluss von Seen und Fl\u00fcssen.<\/p><\/blockquote>\n<p style=\"text-align: justify;\"><strong>KONTAKTE:<\/strong><\/p>\n<p><a href=\"http:\/\/www.vtdko.sietuva.lt\">http:\/\/www.vtdko.sietuva.lt<\/a><br \/>\ne-mail: <a href=\"mailto:sietuva@vtdko.lt\">sietuva@yahoo.com<\/a><\/p>\n<p>F\u00fchrer der Kunst<br \/>\nEdmundas \u017di\u010dka<\/p>\n<p>Adresse:<br \/>\nEnsemble der Nationalt\u00e4nze &#8220;Sietuva&#8221;<br \/>\nAntakalnio Str. 54, LT-10303 Vilnius, LITAUEN<\/p>\n<p style=\"text-align: justify;\">\n","protected":false},"excerpt":{"rendered":"<p>SIETUVA ist ein Jugendensemble der Nationalt\u00e4nze. Es wurde 1956 auf Initiative einiger jungen Leute gegr\u00fcndet. Dieses Ensemble wuchs schnell: im 2. Jahrzent seiner Existenz z\u00e4hlte es etwa 80 T\u00e4nzer. Pro Jahr hatte das Kollektiv \u00fcber 30 Konzerte. Au\u00dferdem wurde hier ein Orchester der Volksinstrumente gebildet. Sietuva erlebte seine Bl\u00fctezeit in den Jahren der Sowjetunion, deshalb&hellip;<\/p>\n","protected":false},"author":1,"featured_media":0,"parent":0,"menu_order":0,"comment_status":"closed","ping_status":"closed","template":"","meta":{"_mi_skip_tracking":false},"yoast_head":"<!-- This site is optimized with the Yoast SEO plugin v19.0 - https:\/\/yoast.com\/wordpress\/plugins\/seo\/ -->\n<title>\u00dcber uns - Tautini\u0173 \u0161oki\u0173 kolektyvas Vilniuje<\/title>\n<meta name=\"robots\" content=\"index, follow, max-snippet:-1, max-image-preview:large, max-video-preview:-1\" \/>\n<link rel=\"canonical\" href=\"https:\/\/sietuva.lt\/index.php\/de\/uber-uns\/\" \/>\n<meta property=\"og:locale\" content=\"en_US\" \/>\n<meta property=\"og:type\" content=\"article\" \/>\n<meta property=\"og:title\" content=\"\u00dcber uns - Tautini\u0173 \u0161oki\u0173 kolektyvas Vilniuje\" \/>\n<meta property=\"og:description\" content=\"SIETUVA ist ein Jugendensemble der Nationalt\u00e4nze. Es wurde 1956 auf Initiative einiger jungen Leute gegr\u00fcndet. Dieses Ensemble wuchs schnell: im 2. Jahrzent seiner Existenz z\u00e4hlte es etwa 80 T\u00e4nzer. Pro Jahr hatte das Kollektiv \u00fcber 30 Konzerte. Au\u00dferdem wurde hier ein Orchester der Volksinstrumente gebildet. Sietuva erlebte seine Bl\u00fctezeit in den Jahren der Sowjetunion, deshalb&hellip;\" \/>\n<meta property=\"og:url\" content=\"https:\/\/sietuva.lt\/index.php\/de\/uber-uns\/\" \/>\n<meta property=\"og:site_name\" content=\"Tautini\u0173 \u0161oki\u0173 kolektyvas Vilniuje\" \/>\n<meta property=\"article:modified_time\" content=\"2021-01-19T07:27:33+00:00\" \/>\n<meta name=\"twitter:card\" content=\"summary\" \/>\n<meta name=\"twitter:label1\" content=\"Est. reading time\" \/>\n\t<meta name=\"twitter:data1\" content=\"2 minutes\" \/>\n<script type=\"application\/ld+json\" class=\"yoast-schema-graph\">{\"@context\":\"https:\/\/schema.org\",\"@graph\":[{\"@type\":\"WebSite\",\"@id\":\"https:\/\/sietuva.lt\/#website\",\"url\":\"https:\/\/sietuva.lt\/\",\"name\":\"Tautini\u0173 \u0161oki\u0173 kolektyvas Vilniuje\",\"description\":\"Ansamblis SIETUVA\",\"potentialAction\":[{\"@type\":\"SearchAction\",\"target\":{\"@type\":\"EntryPoint\",\"urlTemplate\":\"https:\/\/sietuva.lt\/?s={search_term_string}\"},\"query-input\":\"required name=search_term_string\"}],\"inLanguage\":\"en-US\"},{\"@type\":\"WebPage\",\"@id\":\"https:\/\/sietuva.lt\/index.php\/de\/uber-uns\/#webpage\",\"url\":\"https:\/\/sietuva.lt\/index.php\/de\/uber-uns\/\",\"name\":\"\u00dcber uns - Tautini\u0173 \u0161oki\u0173 kolektyvas Vilniuje\",\"isPartOf\":{\"@id\":\"https:\/\/sietuva.lt\/#website\"},\"datePublished\":\"2016-11-27T16:30:13+00:00\",\"dateModified\":\"2021-01-19T07:27:33+00:00\",\"breadcrumb\":{\"@id\":\"https:\/\/sietuva.lt\/index.php\/de\/uber-uns\/#breadcrumb\"},\"inLanguage\":\"en-US\",\"potentialAction\":[{\"@type\":\"ReadAction\",\"target\":[\"https:\/\/sietuva.lt\/index.php\/de\/uber-uns\/\"]}]},{\"@type\":\"BreadcrumbList\",\"@id\":\"https:\/\/sietuva.lt\/index.php\/de\/uber-uns\/#breadcrumb\",\"itemListElement\":[{\"@type\":\"ListItem\",\"position\":1,\"name\":\"Home\",\"item\":\"https:\/\/sietuva.lt\/\"},{\"@type\":\"ListItem\",\"position\":2,\"name\":\"\u00dcber uns\"}]}]}<\/script>\n<!-- \/ Yoast SEO plugin. -->","yoast_head_json":{"title":"\u00dcber uns - Tautini\u0173 \u0161oki\u0173 kolektyvas Vilniuje","robots":{"index":"index","follow":"follow","max-snippet":"max-snippet:-1","max-image-preview":"max-image-preview:large","max-video-preview":"max-video-preview:-1"},"canonical":"https:\/\/sietuva.lt\/index.php\/de\/uber-uns\/","og_locale":"en_US","og_type":"article","og_title":"\u00dcber uns - Tautini\u0173 \u0161oki\u0173 kolektyvas Vilniuje","og_description":"SIETUVA ist ein Jugendensemble der Nationalt\u00e4nze. Es wurde 1956 auf Initiative einiger jungen Leute gegr\u00fcndet. Dieses Ensemble wuchs schnell: im 2. Jahrzent seiner Existenz z\u00e4hlte es etwa 80 T\u00e4nzer. Pro Jahr hatte das Kollektiv \u00fcber 30 Konzerte. Au\u00dferdem wurde hier ein Orchester der Volksinstrumente gebildet. Sietuva erlebte seine Bl\u00fctezeit in den Jahren der Sowjetunion, deshalb&hellip;","og_url":"https:\/\/sietuva.lt\/index.php\/de\/uber-uns\/","og_site_name":"Tautini\u0173 \u0161oki\u0173 kolektyvas Vilniuje","article_modified_time":"2021-01-19T07:27:33+00:00","twitter_card":"summary","twitter_misc":{"Est. reading time":"2 minutes"},"schema":{"@context":"https:\/\/schema.org","@graph":[{"@type":"WebSite","@id":"https:\/\/sietuva.lt\/#website","url":"https:\/\/sietuva.lt\/","name":"Tautini\u0173 \u0161oki\u0173 kolektyvas Vilniuje","description":"Ansamblis SIETUVA","potentialAction":[{"@type":"SearchAction","target":{"@type":"EntryPoint","urlTemplate":"https:\/\/sietuva.lt\/?s={search_term_string}"},"query-input":"required name=search_term_string"}],"inLanguage":"en-US"},{"@type":"WebPage","@id":"https:\/\/sietuva.lt\/index.php\/de\/uber-uns\/#webpage","url":"https:\/\/sietuva.lt\/index.php\/de\/uber-uns\/","name":"\u00dcber uns - Tautini\u0173 \u0161oki\u0173 kolektyvas Vilniuje","isPartOf":{"@id":"https:\/\/sietuva.lt\/#website"},"datePublished":"2016-11-27T16:30:13+00:00","dateModified":"2021-01-19T07:27:33+00:00","breadcrumb":{"@id":"https:\/\/sietuva.lt\/index.php\/de\/uber-uns\/#breadcrumb"},"inLanguage":"en-US","potentialAction":[{"@type":"ReadAction","target":["https:\/\/sietuva.lt\/index.php\/de\/uber-uns\/"]}]},{"@type":"BreadcrumbList","@id":"https:\/\/sietuva.lt\/index.php\/de\/uber-uns\/#breadcrumb","itemListElement":[{"@type":"ListItem","position":1,"name":"Home","item":"https:\/\/sietuva.lt\/"},{"@type":"ListItem","position":2,"name":"\u00dcber uns"}]}]}},"_links":{"self":[{"href":"https:\/\/sietuva.lt\/index.php\/wp-json\/wp\/v2\/pages\/240"}],"collection":[{"href":"https:\/\/sietuva.lt\/index.php\/wp-json\/wp\/v2\/pages"}],"about":[{"href":"https:\/\/sietuva.lt\/index.php\/wp-json\/wp\/v2\/types\/page"}],"author":[{"embeddable":true,"href":"https:\/\/sietuva.lt\/index.php\/wp-json\/wp\/v2\/users\/1"}],"replies":[{"embeddable":true,"href":"https:\/\/sietuva.lt\/index.php\/wp-json\/wp\/v2\/comments?post=240"}],"version-history":[{"count":6,"href":"https:\/\/sietuva.lt\/index.php\/wp-json\/wp\/v2\/pages\/240\/revisions"}],"predecessor-version":[{"id":722,"href":"https:\/\/sietuva.lt\/index.php\/wp-json\/wp\/v2\/pages\/240\/revisions\/722"}],"wp:attachment":[{"href":"https:\/\/sietuva.lt\/index.php\/wp-json\/wp\/v2\/media?parent=240"}],"curies":[{"name":"wp","href":"https:\/\/api.w.org\/{rel}","templated":true}]}}