{"id":243,"date":"2016-11-27T18:32:24","date_gmt":"2016-11-27T16:32:24","guid":{"rendered":"https:\/\/sietuva.lt\/?page_id=243"},"modified":"2021-01-19T09:26:39","modified_gmt":"2021-01-19T07:26:39","slug":"riguardo-a-noi","status":"publish","type":"page","link":"https:\/\/sietuva.lt\/index.php\/it\/riguardo-a-noi\/","title":{"rendered":"Riguardo a noi"},"content":{"rendered":"<p style=\"text-align: justify;\"><strong>Sietuva<\/strong> \u00e8 una compagnia di giovani ballerini folk, fondata nel 1956 dall\u2019iniziativa di alcune ragazze.<\/p>\n<p style=\"text-align: justify;\">La compagnia si \u00e8 sviluppata rapidamente: nella sua seconda decade era composta da circa ottanta ballerini e il ritmo delle esibizioni era di circa trenta ogni anno. Viene aggiunta contemporanenamente anche un\u2019orchestra folk. Sietuva ha raggiunto la massima popolarit\u00e0 durante l\u2019epoca dell\u2019Unione Sovietica, esibendosi periodicamente nelle diverse repubbliche e ricevendo un grande riconoscimento con l\u2019invito a partecipare al \u201cFestival mondiale della giovent\u00f9\u201d e alla \u201cXX Olimpiade estiva\u201d a Mosca.<\/p>\n<p style=\"text-align: justify;\">Attualmente Sietuva \u00e8 composta da un gruppo di ballerini e da un\u2019orchestra folk. La maggior parte dei componenti sono studenti delle diverse facolt\u00e0 dell\u2019Universit\u00e0 di Vilnius. La compagnia sperimenta nuovi spettacoli e continua a far rivivere quelli storici, cooperando con coreografi professionisti. Il suo obiettivo \u00e8 creare un repertorio a partire dalle proprie tradizioni e radici e contemporaneamente far conoscere la cultura folk a un pubblico sempre pi\u00f9 largo, in Lituania e all\u2019estero, con l\u2019aiuto del ballo e della musica.<\/p>\n<p style=\"text-align: justify;\">Sietuva \u00e8 un ospite abituale al \u201cFestival della Canzone lituana\u201d e al festival studentesco di ballo e canto baltico \u201cGaudeamus\u201d. Ogni anno la compagnia si esibisce all\u2019estero davanti ad un pubblico internazionale, partecipando a festival in Belgio, Turchia, Polonia, Francia, Lettonia, Olanda e Germania.<\/p>\n<p style=\"text-align: justify;\">Nel 2003 Sietuva ha ricevuto il premio \u201cUccello d\u2018oro\u201d come miglior compagnia di canto e ballo folk lituana. L\u2019orchestra di Sietuva ha registrato un disco con i pezzi del proprio repertorio.<\/p>\n<p style=\"text-align: justify;\">Oggi Sietuva \u00e8 una compagnia giovane e piena di energia, felice di collaborare con artisti lituani e stranieri, per dare sempre pi\u00f9 voce nel mondo alla diversit\u00e0 culturale.<\/p>\n<blockquote><p>La parola sietuva significa \u201cconfluenza di un fiume\u201d oppure \u201cconfluenza di laghi\u201d.<\/p><\/blockquote>\n<p><strong>Contatti:<\/strong><br \/>\nSito: <a href=\"https:\/\/sietuva.lt\">www.sietuva.vtdko.lt<\/a><br \/>\ne-mail: <a href=\"mailto:sietuva@vtdko.lt\">sietuva@yahoo.com<\/a><\/p>\n<p><strong>Indirizzo:<\/strong><br \/>\nFolk dance ensemble Sietuva<br \/>\nAntakalnio g. 54, LT-10303 Vilnius<br \/>\nLituania<\/p>\n","protected":false},"excerpt":{"rendered":"<p>Sietuva \u00e8 una compagnia di giovani ballerini folk, fondata nel 1956 dall\u2019iniziativa di alcune ragazze. La compagnia si \u00e8 sviluppata rapidamente: nella sua seconda decade era composta da circa ottanta ballerini e il ritmo delle esibizioni era di circa trenta ogni anno. Viene aggiunta contemporanenamente anche un\u2019orchestra folk. Sietuva ha raggiunto la massima popolarit\u00e0 durante&hellip;<\/p>\n","protected":false},"author":1,"featured_media":0,"parent":0,"menu_order":0,"comment_status":"closed","ping_status":"closed","template":"","meta":{"_mi_skip_tracking":false},"yoast_head":"<!-- This site is optimized with the Yoast SEO plugin v19.0 - https:\/\/yoast.com\/wordpress\/plugins\/seo\/ -->\n<title>Riguardo a noi - Tautini\u0173 \u0161oki\u0173 kolektyvas Vilniuje<\/title>\n<meta name=\"robots\" content=\"index, follow, max-snippet:-1, max-image-preview:large, max-video-preview:-1\" \/>\n<link rel=\"canonical\" href=\"https:\/\/sietuva.lt\/index.php\/it\/riguardo-a-noi\/\" \/>\n<meta property=\"og:locale\" content=\"en_US\" \/>\n<meta property=\"og:type\" content=\"article\" \/>\n<meta property=\"og:title\" content=\"Riguardo a noi - Tautini\u0173 \u0161oki\u0173 kolektyvas Vilniuje\" \/>\n<meta property=\"og:description\" content=\"Sietuva \u00e8 una compagnia di giovani ballerini folk, fondata nel 1956 dall\u2019iniziativa di alcune ragazze. La compagnia si \u00e8 sviluppata rapidamente: nella sua seconda decade era composta da circa ottanta ballerini e il ritmo delle esibizioni era di circa trenta ogni anno. Viene aggiunta contemporanenamente anche un\u2019orchestra folk. Sietuva ha raggiunto la massima popolarit\u00e0 durante&hellip;\" \/>\n<meta property=\"og:url\" content=\"https:\/\/sietuva.lt\/index.php\/it\/riguardo-a-noi\/\" \/>\n<meta property=\"og:site_name\" content=\"Tautini\u0173 \u0161oki\u0173 kolektyvas Vilniuje\" \/>\n<meta property=\"article:modified_time\" content=\"2021-01-19T07:26:39+00:00\" \/>\n<meta name=\"twitter:card\" content=\"summary\" \/>\n<meta name=\"twitter:label1\" content=\"Est. reading time\" \/>\n\t<meta name=\"twitter:data1\" content=\"2 minutes\" \/>\n<script type=\"application\/ld+json\" class=\"yoast-schema-graph\">{\"@context\":\"https:\/\/schema.org\",\"@graph\":[{\"@type\":\"WebSite\",\"@id\":\"https:\/\/sietuva.lt\/#website\",\"url\":\"https:\/\/sietuva.lt\/\",\"name\":\"Tautini\u0173 \u0161oki\u0173 kolektyvas Vilniuje\",\"description\":\"Ansamblis SIETUVA\",\"potentialAction\":[{\"@type\":\"SearchAction\",\"target\":{\"@type\":\"EntryPoint\",\"urlTemplate\":\"https:\/\/sietuva.lt\/?s={search_term_string}\"},\"query-input\":\"required name=search_term_string\"}],\"inLanguage\":\"en-US\"},{\"@type\":\"WebPage\",\"@id\":\"https:\/\/sietuva.lt\/index.php\/it\/riguardo-a-noi\/#webpage\",\"url\":\"https:\/\/sietuva.lt\/index.php\/it\/riguardo-a-noi\/\",\"name\":\"Riguardo a noi - Tautini\u0173 \u0161oki\u0173 kolektyvas Vilniuje\",\"isPartOf\":{\"@id\":\"https:\/\/sietuva.lt\/#website\"},\"datePublished\":\"2016-11-27T16:32:24+00:00\",\"dateModified\":\"2021-01-19T07:26:39+00:00\",\"breadcrumb\":{\"@id\":\"https:\/\/sietuva.lt\/index.php\/it\/riguardo-a-noi\/#breadcrumb\"},\"inLanguage\":\"en-US\",\"potentialAction\":[{\"@type\":\"ReadAction\",\"target\":[\"https:\/\/sietuva.lt\/index.php\/it\/riguardo-a-noi\/\"]}]},{\"@type\":\"BreadcrumbList\",\"@id\":\"https:\/\/sietuva.lt\/index.php\/it\/riguardo-a-noi\/#breadcrumb\",\"itemListElement\":[{\"@type\":\"ListItem\",\"position\":1,\"name\":\"Home\",\"item\":\"https:\/\/sietuva.lt\/\"},{\"@type\":\"ListItem\",\"position\":2,\"name\":\"Riguardo a noi\"}]}]}<\/script>\n<!-- \/ Yoast SEO plugin. -->","yoast_head_json":{"title":"Riguardo a noi - Tautini\u0173 \u0161oki\u0173 kolektyvas Vilniuje","robots":{"index":"index","follow":"follow","max-snippet":"max-snippet:-1","max-image-preview":"max-image-preview:large","max-video-preview":"max-video-preview:-1"},"canonical":"https:\/\/sietuva.lt\/index.php\/it\/riguardo-a-noi\/","og_locale":"en_US","og_type":"article","og_title":"Riguardo a noi - Tautini\u0173 \u0161oki\u0173 kolektyvas Vilniuje","og_description":"Sietuva \u00e8 una compagnia di giovani ballerini folk, fondata nel 1956 dall\u2019iniziativa di alcune ragazze. La compagnia si \u00e8 sviluppata rapidamente: nella sua seconda decade era composta da circa ottanta ballerini e il ritmo delle esibizioni era di circa trenta ogni anno. Viene aggiunta contemporanenamente anche un\u2019orchestra folk. Sietuva ha raggiunto la massima popolarit\u00e0 durante&hellip;","og_url":"https:\/\/sietuva.lt\/index.php\/it\/riguardo-a-noi\/","og_site_name":"Tautini\u0173 \u0161oki\u0173 kolektyvas Vilniuje","article_modified_time":"2021-01-19T07:26:39+00:00","twitter_card":"summary","twitter_misc":{"Est. reading time":"2 minutes"},"schema":{"@context":"https:\/\/schema.org","@graph":[{"@type":"WebSite","@id":"https:\/\/sietuva.lt\/#website","url":"https:\/\/sietuva.lt\/","name":"Tautini\u0173 \u0161oki\u0173 kolektyvas Vilniuje","description":"Ansamblis SIETUVA","potentialAction":[{"@type":"SearchAction","target":{"@type":"EntryPoint","urlTemplate":"https:\/\/sietuva.lt\/?s={search_term_string}"},"query-input":"required name=search_term_string"}],"inLanguage":"en-US"},{"@type":"WebPage","@id":"https:\/\/sietuva.lt\/index.php\/it\/riguardo-a-noi\/#webpage","url":"https:\/\/sietuva.lt\/index.php\/it\/riguardo-a-noi\/","name":"Riguardo a noi - Tautini\u0173 \u0161oki\u0173 kolektyvas Vilniuje","isPartOf":{"@id":"https:\/\/sietuva.lt\/#website"},"datePublished":"2016-11-27T16:32:24+00:00","dateModified":"2021-01-19T07:26:39+00:00","breadcrumb":{"@id":"https:\/\/sietuva.lt\/index.php\/it\/riguardo-a-noi\/#breadcrumb"},"inLanguage":"en-US","potentialAction":[{"@type":"ReadAction","target":["https:\/\/sietuva.lt\/index.php\/it\/riguardo-a-noi\/"]}]},{"@type":"BreadcrumbList","@id":"https:\/\/sietuva.lt\/index.php\/it\/riguardo-a-noi\/#breadcrumb","itemListElement":[{"@type":"ListItem","position":1,"name":"Home","item":"https:\/\/sietuva.lt\/"},{"@type":"ListItem","position":2,"name":"Riguardo a noi"}]}]}},"_links":{"self":[{"href":"https:\/\/sietuva.lt\/index.php\/wp-json\/wp\/v2\/pages\/243"}],"collection":[{"href":"https:\/\/sietuva.lt\/index.php\/wp-json\/wp\/v2\/pages"}],"about":[{"href":"https:\/\/sietuva.lt\/index.php\/wp-json\/wp\/v2\/types\/page"}],"author":[{"embeddable":true,"href":"https:\/\/sietuva.lt\/index.php\/wp-json\/wp\/v2\/users\/1"}],"replies":[{"embeddable":true,"href":"https:\/\/sietuva.lt\/index.php\/wp-json\/wp\/v2\/comments?post=243"}],"version-history":[{"count":6,"href":"https:\/\/sietuva.lt\/index.php\/wp-json\/wp\/v2\/pages\/243\/revisions"}],"predecessor-version":[{"id":721,"href":"https:\/\/sietuva.lt\/index.php\/wp-json\/wp\/v2\/pages\/243\/revisions\/721"}],"wp:attachment":[{"href":"https:\/\/sietuva.lt\/index.php\/wp-json\/wp\/v2\/media?parent=243"}],"curies":[{"name":"wp","href":"https:\/\/api.w.org\/{rel}","templated":true}]}}