{"id":275,"date":"2016-11-28T20:50:56","date_gmt":"2016-11-28T18:50:56","guid":{"rendered":"https:\/\/sietuva.lt\/?page_id=275"},"modified":"2025-03-10T22:31:16","modified_gmt":"2025-03-10T20:31:16","slug":"kontaktai","status":"publish","type":"page","link":"https:\/\/sietuva.lt\/index.php\/kontaktai\/","title":{"rendered":"Kontaktai"},"content":{"rendered":"<div id=\"pl-275\"  class=\"panel-layout\" ><div id=\"pg-275-0\"  class=\"panel-grid panel-no-style\" ><div id=\"pgc-275-0-0\"  class=\"panel-grid-cell\" ><div id=\"panel-275-0-0-0\" class=\"so-panel widget widget_sow-editor panel-first-child panel-last-child\" data-index=\"0\" ><div\n\t\t\t\n\t\t\tclass=\"so-widget-sow-editor so-widget-sow-editor-base\"\n\t\t\t\n\t\t>\n<div class=\"siteorigin-widget-tinymce textwidget\">\n\t<p style=\"text-align: center;\"><strong>Adresas korespondencijai:<\/strong><\/p>\n<p style=\"text-align: center;\"><em>Tautini\u0173 \u0161oki\u0173 ansamblis \u201eSietuva\u201c<\/em><br \/>\nel.pa\u0161tas: <em>sietuva@yahoo.com<\/em><\/p>\n<p style=\"text-align: center;\">\n<\/div>\n<\/div><\/div><\/div><\/div><div id=\"pg-275-1\"  class=\"panel-grid panel-no-style\" ><div id=\"pgc-275-1-0\"  class=\"panel-grid-cell\" ><div id=\"panel-275-1-0-0\" class=\"so-panel widget widget_sow-editor panel-first-child panel-last-child\" data-index=\"1\" ><div\n\t\t\t\n\t\t\tclass=\"so-widget-sow-editor so-widget-sow-editor-base\"\n\t\t\t\n\t\t>\n<div class=\"siteorigin-widget-tinymce textwidget\">\n\t<p><strong>MENO VADOVAS<\/strong><br \/>\n<em><strong>Edmundas \u017di\u010dka<\/strong><\/em><br \/>\n+370 674 08391<\/p>\n<\/div>\n<\/div><\/div><\/div><div id=\"pgc-275-1-1\"  class=\"panel-grid-cell\" ><div id=\"panel-275-1-1-0\" class=\"so-panel widget widget_sow-editor panel-first-child panel-last-child\" data-index=\"2\" ><div\n\t\t\t\n\t\t\tclass=\"so-widget-sow-editor so-widget-sow-editor-base\"\n\t\t\t\n\t\t>\n<div class=\"siteorigin-widget-tinymce textwidget\">\n\t<p><strong>ORKESTRO VADOVAI<\/strong><br \/> <em><strong>Renatas Jaraminas<\/strong><\/em><br \/><em><strong> Dainora Kinderien\u0117<\/strong><\/em><\/p>\n<\/div>\n<\/div><\/div><\/div><div id=\"pgc-275-1-2\"  class=\"panel-grid-cell panel-grid-cell-empty\" ><\/div><div id=\"pgc-275-1-3\"  class=\"panel-grid-cell panel-grid-cell-empty panel-grid-cell-mobile-last\" ><\/div><div id=\"pgc-275-1-4\"  class=\"panel-grid-cell panel-grid-cell-empty\" ><\/div><\/div><div id=\"pg-275-2\"  class=\"panel-grid panel-no-style\" ><div id=\"pgc-275-2-0\"  class=\"panel-grid-cell panel-grid-cell-mobile-last\" ><div id=\"panel-275-2-0-0\" class=\"so-panel widget widget_sow-editor panel-first-child panel-last-child\" data-index=\"3\" ><div\n\t\t\t\n\t\t\tclass=\"so-widget-sow-editor so-widget-sow-editor-base\"\n\t\t\t\n\t\t>\n<div class=\"siteorigin-widget-tinymce textwidget\">\n\t<p><strong>KAIP MUS RASTI<\/strong><\/p>\n<p>Antradieniais ir Ketvirtadieniais 19:00-21:00<\/p>\n<p>Vilniaus paslaug\u0173 verslo profesinio mokymo centro Akt\u0173 sal\u0117je<\/p>\n<p>Didlaukio g. 84, Vilnius<\/p>\n<p>&nbsp;<\/p>\n<\/div>\n<\/div><\/div><\/div><div id=\"pgc-275-2-1\"  class=\"panel-grid-cell panel-grid-cell-empty\" ><\/div><\/div><\/div>","protected":false},"excerpt":{"rendered":"<p>Adresas korespondencijai: Tautini\u0173 \u0161oki\u0173 ansamblis \u201eSietuva\u201c el.pa\u0161tas: sietuva@yahoo.com MENO VADOVAS Edmundas \u017di\u010dka +370 674 08391 ORKESTRO VADOVAI Renatas Jaraminas Dainora Kinderien\u0117<\/p>\n","protected":false},"author":1,"featured_media":0,"parent":0,"menu_order":0,"comment_status":"closed","ping_status":"closed","template":"","meta":{"_mi_skip_tracking":false},"yoast_head":"<!-- This site is optimized with the Yoast SEO plugin v19.0 - https:\/\/yoast.com\/wordpress\/plugins\/seo\/ -->\n<title>Kontaktai - Tautini\u0173 \u0161oki\u0173 kolektyvas Vilniuje<\/title>\n<meta name=\"description\" content=\"Adresas korespondencijai: Vilniaus technologij\u0173 ir dizaino kolegija Tautini\u0173 \u0161oki\u0173 ansamblis \u201eSietuva\u201c Antakalnio g. 54, LT10303 Vilnius, Lietuva.\" \/>\n<meta name=\"robots\" content=\"index, follow, max-snippet:-1, max-image-preview:large, max-video-preview:-1\" \/>\n<link rel=\"canonical\" href=\"https:\/\/sietuva.lt\/index.php\/kontaktai\/\" \/>\n<meta property=\"og:locale\" content=\"en_US\" \/>\n<meta property=\"og:type\" content=\"article\" \/>\n<meta property=\"og:title\" content=\"Kontaktai - Tautini\u0173 \u0161oki\u0173 kolektyvas Vilniuje\" \/>\n<meta property=\"og:description\" content=\"Adresas korespondencijai: Vilniaus technologij\u0173 ir dizaino kolegija Tautini\u0173 \u0161oki\u0173 ansamblis \u201eSietuva\u201c Antakalnio g. 54, LT10303 Vilnius, Lietuva.\" \/>\n<meta property=\"og:url\" content=\"https:\/\/sietuva.lt\/index.php\/kontaktai\/\" \/>\n<meta property=\"og:site_name\" content=\"Tautini\u0173 \u0161oki\u0173 kolektyvas Vilniuje\" \/>\n<meta property=\"article:modified_time\" content=\"2025-03-10T20:31:16+00:00\" \/>\n<meta name=\"twitter:card\" content=\"summary\" \/>\n<meta name=\"twitter:label1\" content=\"Est. reading time\" \/>\n\t<meta name=\"twitter:data1\" content=\"1 minute\" \/>\n<script type=\"application\/ld+json\" class=\"yoast-schema-graph\">{\"@context\":\"https:\/\/schema.org\",\"@graph\":[{\"@type\":\"WebSite\",\"@id\":\"https:\/\/sietuva.lt\/#website\",\"url\":\"https:\/\/sietuva.lt\/\",\"name\":\"Tautini\u0173 \u0161oki\u0173 kolektyvas Vilniuje\",\"description\":\"Ansamblis SIETUVA\",\"potentialAction\":[{\"@type\":\"SearchAction\",\"target\":{\"@type\":\"EntryPoint\",\"urlTemplate\":\"https:\/\/sietuva.lt\/?s={search_term_string}\"},\"query-input\":\"required name=search_term_string\"}],\"inLanguage\":\"en-US\"},{\"@type\":\"WebPage\",\"@id\":\"https:\/\/sietuva.lt\/index.php\/kontaktai\/#webpage\",\"url\":\"https:\/\/sietuva.lt\/index.php\/kontaktai\/\",\"name\":\"Kontaktai - Tautini\u0173 \u0161oki\u0173 kolektyvas Vilniuje\",\"isPartOf\":{\"@id\":\"https:\/\/sietuva.lt\/#website\"},\"datePublished\":\"2016-11-28T18:50:56+00:00\",\"dateModified\":\"2025-03-10T20:31:16+00:00\",\"description\":\"Adresas korespondencijai: Vilniaus technologij\u0173 ir dizaino kolegija Tautini\u0173 \u0161oki\u0173 ansamblis \u201eSietuva\u201c Antakalnio g. 54, LT10303 Vilnius, Lietuva.\",\"breadcrumb\":{\"@id\":\"https:\/\/sietuva.lt\/index.php\/kontaktai\/#breadcrumb\"},\"inLanguage\":\"en-US\",\"potentialAction\":[{\"@type\":\"ReadAction\",\"target\":[\"https:\/\/sietuva.lt\/index.php\/kontaktai\/\"]}]},{\"@type\":\"BreadcrumbList\",\"@id\":\"https:\/\/sietuva.lt\/index.php\/kontaktai\/#breadcrumb\",\"itemListElement\":[{\"@type\":\"ListItem\",\"position\":1,\"name\":\"Home\",\"item\":\"https:\/\/sietuva.lt\/\"},{\"@type\":\"ListItem\",\"position\":2,\"name\":\"Kontaktai\"}]}]}<\/script>\n<!-- \/ Yoast SEO plugin. -->","yoast_head_json":{"title":"Kontaktai - Tautini\u0173 \u0161oki\u0173 kolektyvas Vilniuje","description":"Adresas korespondencijai: Vilniaus technologij\u0173 ir dizaino kolegija Tautini\u0173 \u0161oki\u0173 ansamblis \u201eSietuva\u201c Antakalnio g. 54, LT10303 Vilnius, Lietuva.","robots":{"index":"index","follow":"follow","max-snippet":"max-snippet:-1","max-image-preview":"max-image-preview:large","max-video-preview":"max-video-preview:-1"},"canonical":"https:\/\/sietuva.lt\/index.php\/kontaktai\/","og_locale":"en_US","og_type":"article","og_title":"Kontaktai - Tautini\u0173 \u0161oki\u0173 kolektyvas Vilniuje","og_description":"Adresas korespondencijai: Vilniaus technologij\u0173 ir dizaino kolegija Tautini\u0173 \u0161oki\u0173 ansamblis \u201eSietuva\u201c Antakalnio g. 54, LT10303 Vilnius, Lietuva.","og_url":"https:\/\/sietuva.lt\/index.php\/kontaktai\/","og_site_name":"Tautini\u0173 \u0161oki\u0173 kolektyvas Vilniuje","article_modified_time":"2025-03-10T20:31:16+00:00","twitter_card":"summary","twitter_misc":{"Est. reading time":"1 minute"},"schema":{"@context":"https:\/\/schema.org","@graph":[{"@type":"WebSite","@id":"https:\/\/sietuva.lt\/#website","url":"https:\/\/sietuva.lt\/","name":"Tautini\u0173 \u0161oki\u0173 kolektyvas Vilniuje","description":"Ansamblis SIETUVA","potentialAction":[{"@type":"SearchAction","target":{"@type":"EntryPoint","urlTemplate":"https:\/\/sietuva.lt\/?s={search_term_string}"},"query-input":"required name=search_term_string"}],"inLanguage":"en-US"},{"@type":"WebPage","@id":"https:\/\/sietuva.lt\/index.php\/kontaktai\/#webpage","url":"https:\/\/sietuva.lt\/index.php\/kontaktai\/","name":"Kontaktai - Tautini\u0173 \u0161oki\u0173 kolektyvas Vilniuje","isPartOf":{"@id":"https:\/\/sietuva.lt\/#website"},"datePublished":"2016-11-28T18:50:56+00:00","dateModified":"2025-03-10T20:31:16+00:00","description":"Adresas korespondencijai: Vilniaus technologij\u0173 ir dizaino kolegija Tautini\u0173 \u0161oki\u0173 ansamblis \u201eSietuva\u201c Antakalnio g. 54, LT10303 Vilnius, Lietuva.","breadcrumb":{"@id":"https:\/\/sietuva.lt\/index.php\/kontaktai\/#breadcrumb"},"inLanguage":"en-US","potentialAction":[{"@type":"ReadAction","target":["https:\/\/sietuva.lt\/index.php\/kontaktai\/"]}]},{"@type":"BreadcrumbList","@id":"https:\/\/sietuva.lt\/index.php\/kontaktai\/#breadcrumb","itemListElement":[{"@type":"ListItem","position":1,"name":"Home","item":"https:\/\/sietuva.lt\/"},{"@type":"ListItem","position":2,"name":"Kontaktai"}]}]}},"_links":{"self":[{"href":"https:\/\/sietuva.lt\/index.php\/wp-json\/wp\/v2\/pages\/275"}],"collection":[{"href":"https:\/\/sietuva.lt\/index.php\/wp-json\/wp\/v2\/pages"}],"about":[{"href":"https:\/\/sietuva.lt\/index.php\/wp-json\/wp\/v2\/types\/page"}],"author":[{"embeddable":true,"href":"https:\/\/sietuva.lt\/index.php\/wp-json\/wp\/v2\/users\/1"}],"replies":[{"embeddable":true,"href":"https:\/\/sietuva.lt\/index.php\/wp-json\/wp\/v2\/comments?post=275"}],"version-history":[{"count":41,"href":"https:\/\/sietuva.lt\/index.php\/wp-json\/wp\/v2\/pages\/275\/revisions"}],"predecessor-version":[{"id":843,"href":"https:\/\/sietuva.lt\/index.php\/wp-json\/wp\/v2\/pages\/275\/revisions\/843"}],"wp:attachment":[{"href":"https:\/\/sietuva.lt\/index.php\/wp-json\/wp\/v2\/media?parent=275"}],"curies":[{"name":"wp","href":"https:\/\/api.w.org\/{rel}","templated":true}]}}