{"id":35,"date":"2016-11-14T20:44:23","date_gmt":"2016-11-14T20:44:23","guid":{"rendered":"http:\/\/localhost\/wp-sietuva2\/?page_id=35"},"modified":"2026-03-27T10:56:09","modified_gmt":"2026-03-27T08:56:09","slug":"apie-mus","status":"publish","type":"page","link":"https:\/\/sietuva.lt\/index.php\/apie-mus\/","title":{"rendered":"Apie mus"},"content":{"rendered":"<div id=\"pl-35\"  class=\"panel-layout\" ><div id=\"pg-35-0\"  class=\"panel-grid panel-no-style\" ><div id=\"pgc-35-0-0\"  class=\"panel-grid-cell\" ><div id=\"panel-35-0-0-0\" class=\"so-panel widget widget_sow-editor panel-first-child panel-last-child\" data-index=\"0\" ><div\n\t\t\t\n\t\t\tclass=\"so-widget-sow-editor so-widget-sow-editor-base\"\n\t\t\t\n\t\t>\n<div class=\"siteorigin-widget-tinymce textwidget\">\n\t<p style=\"text-align: center;\">Draugaukime<\/p>\n<p style=\"text-align: center;\"><a href=\"https:\/\/www.facebook.com\/sietuva.ensemble.lithuanian.folk.dances\/?fref=ts\" target=\"_blank\"><img decoding=\"async\" loading=\"lazy\" class=\"aligncenter wp-image-419\" src=\"https:\/\/sietuva.lt\/wp-content\/uploads\/2016\/11\/facebook-icon-5-1.png\" alt=\"facebook-icon-5\" width=\"120\" height=\"120\" srcset=\"https:\/\/sietuva.lt\/wp-content\/uploads\/2016\/11\/facebook-icon-5-1.png 1200w, https:\/\/sietuva.lt\/wp-content\/uploads\/2016\/11\/facebook-icon-5-1-150x150.png 150w, https:\/\/sietuva.lt\/wp-content\/uploads\/2016\/11\/facebook-icon-5-1-300x300.png 300w, https:\/\/sietuva.lt\/wp-content\/uploads\/2016\/11\/facebook-icon-5-1-768x770.png 768w, https:\/\/sietuva.lt\/wp-content\/uploads\/2016\/11\/facebook-icon-5-1-1021x1024.png 1021w\" sizes=\"(max-width: 120px) 100vw, 120px\" \/><\/a><\/p>\n<\/div>\n<\/div><\/div><\/div><div id=\"pgc-35-0-1\"  class=\"panel-grid-cell\" ><div id=\"panel-35-0-1-0\" class=\"so-panel widget widget_sow-editor panel-first-child panel-last-child\" data-index=\"1\" ><div\n\t\t\t\n\t\t\tclass=\"so-widget-sow-editor so-widget-sow-editor-base\"\n\t\t\t\n\t\t>\n<div class=\"siteorigin-widget-tinymce textwidget\">\n\t<p style=\"text-align: center;\">Susipa\u017einkime<\/p>\n<p style=\"text-align: center;\"><a href=\"https:\/\/www.youtube.com\/channel\/UCZ9gDFLDbnCzH97_QzpjfCQ\" target=\"_blank\"><img decoding=\"async\" loading=\"lazy\" class=\"aligncenter wp-image-420\" src=\"https:\/\/sietuva.lt\/wp-content\/uploads\/2016\/11\/youtube-1-38.png\" alt=\"youtube-1-38\" width=\"109\" height=\"120\" srcset=\"https:\/\/sietuva.lt\/wp-content\/uploads\/2016\/11\/youtube-1-38.png 544w, https:\/\/sietuva.lt\/wp-content\/uploads\/2016\/11\/youtube-1-38-272x300.png 272w\" sizes=\"(max-width: 109px) 100vw, 109px\" \/><\/a><\/p>\n<p style=\"text-align: center;\">\u00a0<\/p>\n<\/div>\n<\/div><\/div><\/div><div id=\"pgc-35-0-2\"  class=\"panel-grid-cell\" ><div id=\"panel-35-0-2-0\" class=\"so-panel widget widget_sow-editor panel-first-child panel-last-child\" data-index=\"2\" ><div\n\t\t\t\n\t\t\tclass=\"so-widget-sow-editor so-widget-sow-editor-base\"\n\t\t\t\n\t\t>\n<div class=\"siteorigin-widget-tinymce textwidget\">\n\t<p style=\"text-align: center;\">Pasiklausykime<\/p>\n<p><a href=\"https:\/\/www.pakartot.lt\/alias\/sietuva\" target=\"_blank\"><img decoding=\"async\" loading=\"lazy\" class=\"aligncenter wp-image-421\" src=\"https:\/\/sietuva.lt\/wp-content\/uploads\/2016\/11\/unnamed-1.png\" alt=\"unnamed\" width=\"120\" height=\"120\" srcset=\"https:\/\/sietuva.lt\/wp-content\/uploads\/2016\/11\/unnamed-1.png 300w, https:\/\/sietuva.lt\/wp-content\/uploads\/2016\/11\/unnamed-1-150x150.png 150w\" sizes=\"(max-width: 120px) 100vw, 120px\" \/><\/a><\/p>\n<p style=\"text-align: center;\">\u00a0<\/p>\n<\/div>\n<\/div><\/div><\/div><\/div><div id=\"pg-35-1\"  class=\"panel-grid panel-no-style\" ><div id=\"pgc-35-1-0\"  class=\"panel-grid-cell\" ><div id=\"panel-35-1-0-0\" class=\"so-panel widget widget_sow-editor panel-first-child panel-last-child\" data-index=\"3\" ><div\n\t\t\t\n\t\t\tclass=\"so-widget-sow-editor so-widget-sow-editor-base\"\n\t\t\t\n\t\t>\n<div class=\"siteorigin-widget-tinymce textwidget\">\n\t<p style=\"text-align: center;\"><em><strong>\u201eSietuva\u201c ger\u0105 nuotaik\u0105 jums dovanoja,<br \/>\n<\/strong><strong>Trypia smagiai, kad net scena kilnojas.<br \/>\n<\/strong><strong>Mint\u012f gvildena, \u012f \u0161ok\u012f pina,<br \/>\n<\/strong><strong>Kuria pa\u0161\u0117lusiai linksm\u0105 student\u0173 suktin\u012f.<\/strong><\/em><\/p>\n<p style=\"text-align: justify;\"><img decoding=\"async\" loading=\"lazy\" class=\"size-full wp-image-62 alignright\" src=\"https:\/\/sietuva.lt\/wp-content\/uploads\/2016\/11\/aboutus_cover.png\" alt=\"aboutus_cover\" width=\"221\" height=\"240\" \/>Tautini\u0173 \u0161oki\u0173 ansamblis \u201eSietuva\u201c \u2013 gilias tradicijas ir ilg\u0105 istorij\u0105 turintis kolektyvas, skai\u010diuojantis savo metus nuo 1956 m. \u0160iuo metu ansambl\u012f sudaro jaunimo ir alumn\u0173 \u0161ok\u0117j\u0173 grup\u0117s ir liaudies instrument\u0173 orkestras. \u201eSietuvoje\u201c \u0161oka ir groja \u012fvairi\u0173 specialybi\u0173 jauni \u017emon\u0117s, kuriems miela lietuvi\u0173 liaudies kult\u016bra. Galima tik pasid\u017eiaugti, kad \u201eugnel\u0117\u201c \u0161irdyje ansamblio \u0161ok\u0117jus kiekvien\u0105 savait\u0119 kvie\u010dia susiburti ir repetuoti, groti ir dalyvauti koncertuose.<\/p>\n<p style=\"text-align: justify;\">\u00a0Ansamblis \u201eSietuva\u201c \u2013 nuolatinis pasaulio lietuvi\u0173 dain\u0173 \u0161ven\u010di\u0173, Pabaltijo \u0161ali\u0173 student\u0173 dain\u0173 ir \u0161oki\u0173 \u0161ven\u010di\u0173 \u201eGaudeamus\u201c, konkurs\u0173 \u201eKlumpakojis\u201c ir \u201eKadagys\u201c dalyvis. Kolektyvas koncertavo visuose did\u017eiuosiuose Lietuvos miestuose, kasmet dalyvauja tarptautiniuose festivaliuose u\u017esienyje. Ansamblio profesionalumo ir pasiry\u017eimo toliau tobul\u0117ti \u012fvertinimas \u2013 2003 m. ir 2017 m. \u201eSietuvai\u201c skirti \u201eAuksin\u0117s pauk\u0161t\u0117s\u201c apdovanojimai, ant savo sparn\u0173 iki \u0161iol ne\u0161antis nor\u0105 kurti ir did\u017eiuotis tautiniu \u0161okiu.<\/p>\n<p style=\"text-align: justify;\"><strong><img decoding=\"async\" loading=\"lazy\" class=\"alignnone size-full wp-image-180\" src=\"https:\/\/sietuva.lt\/wp-content\/uploads\/2016\/11\/sietuva_uzrasas.jpg\" alt=\"sietuva_uzrasas\" width=\"1885\" height=\"524\" srcset=\"https:\/\/sietuva.lt\/wp-content\/uploads\/2016\/11\/sietuva_uzrasas.jpg 1885w, https:\/\/sietuva.lt\/wp-content\/uploads\/2016\/11\/sietuva_uzrasas-300x83.jpg 300w, https:\/\/sietuva.lt\/wp-content\/uploads\/2016\/11\/sietuva_uzrasas-768x213.jpg 768w, https:\/\/sietuva.lt\/wp-content\/uploads\/2016\/11\/sietuva_uzrasas-1024x285.jpg 1024w\" sizes=\"(max-width: 1885px) 100vw, 1885px\" \/><\/strong><\/p>\n<p style=\"text-align: justify;\"><strong>DAUGIAU:<\/strong><\/p>\n<p style=\"text-align: justify;\">Tautini\u0173 \u0161oki\u0173 ansamblis \u201eSietuva\u201c buvo \u012fkurtas 1956 m. V\u0117liau prie jaunimo \u0161oki\u0173 grup\u0117s prisid\u0117jo ir liaudies instrument\u0173 orkestras, o 2023 m. ruden\u012f susib\u016br\u0117 ir alumn\u0173 \u0161oki\u0173 grup\u0117. Ansamblis atlieka lietuvi\u0173 liaudies sceninius (liaudi\u0161kus) \u0161okius pagal autorin\u0119 ir tradicin\u0119 liaudies muzik\u0105. Kolektyvo repertuar\u0105 sudaro geriausi ir naujausi \u017eanro k\u016briniai. \u201eSietuvoje\u201c \u0161oka ir groja jauni \u017emon\u0117s, kuriems miela lietuvi\u0173 liaudies kult\u016bra. Galima tik pasid\u017eiaugti, kad \u201eugnel\u0117\u201c \u0161irdyje ansamblio \u0161ok\u0117jus ir muzikantus\u00a0 kiekvien\u0105 savait\u0119 kvie\u010dia susiburti ir repetuoti, groti bei dalyvauti koncertuose.<\/p>\n<p style=\"text-align: justify;\">Ansamblis \u201eSietuva\u201c \u2013 nuolatinis pasaulio lietuvi\u0173 dain\u0173 \u0161ven\u010di\u0173, Pabaltijo \u0161ali\u0173 student\u0173 dain\u0173 ir \u0161oki\u0173 \u0161ven\u010di\u0173 \u201eGaudeamus\u201c dalyvis. Koncertuota visuose did\u017eiuosiuose Lietuvos miestuose, dalyvauta tarptautiniuose festivaliuose Belgijoje, Turkijoje, Lenkijoje, Pranc\u016bzijoje, Latvijoje, Olandijoje, Vokietijoje, Portugalijoje, Italijoje, Kinijoje ir kitur. Du kartus i\u0161 eil\u0117s (2001 m. ir 2003 m.) kolektyvas laim\u0117jo II viet\u0105 nacionaliniame \u0161oki\u0173 kolektyv\u0173 konkurse \u201eKlumpakojis\u201c, 2010 metais \u2013 I viet\u0105, o 2016 metais peln\u0117 laureato vard\u0105 studenti\u0161k\u0173 kolektyv\u0173 kategorijoje.<\/p>\n<p style=\"text-align: justify;\">Svarbiausi paskutini\u0173 de\u0161imtme\u010di\u0173 ansamblio \u012fvertinimai \u2013 2003 m. ir 2017 m. gauti \u201eAukso pauk\u0161t\u0117s\u201c apdovanojimai, skirtas \u201eSietuvai\u201c kaip geriausiam Lietuvos tautini\u0173 \u0161oki\u0173 ansambliui, ir 2015 m. konkurso \u201eKadagys\u201c laureato vardas.<\/p>\n<p style=\"text-align: justify;\">Ilg\u0105 laik\u0105, daugiau nei dvide\u0161imt met\u0173,\u00a0\u201eSietuvos\u201c kolektyvui, o v\u0117liau jau ir ansambliui vadovavo Petras Repe\u010dka \u2013 garsus respublikini\u0173 dain\u0173 \u0161ven\u010di\u0173 baletmeisteris, pasaulio jaunimo ir student\u0173 festivali\u0173\u00a0 bei Maskvos olimpiados \u0161ven\u010di\u0173 konsultantas. Jo vadovavimo metais \u00a0su koncertine programa apva\u017eiuota visa buvusi Taryb\u0173 S\u0105junga: Latvija, Estija, Baltarusija, Azerbaid\u017eanas, Moldavija, Ukraina; ansamblis koncertavo Lenkijoje, dalyvavo visose respublikin\u0117se dain\u0173 \u0161vent\u0117se ir s\u0105junginiuose renginiuose Maskvoje, \u0161oko Pasauliniame jaunimo festivalyje Maskvoje bei XX vasaros olimpini\u0173 \u017eaidyni\u0173 atidaryme, kur dalyvavo tik keturi kolektyvai i\u0161 Lietuvos.<\/p>\n<p style=\"text-align: justify;\">1993 m. vadovauti \u201eSietuvai\u201c prad\u0117jo Vladimiras \u016asovas, kuris su nedidele pertrauka vadovavo kolektyvui iki 2011 m. Jam stojus prie ansamblio vairo, \u201eSietuvos\u201c repertuaras pasipild\u0117 naujais vadovo sukurtais \u0161okiais (\u201eGaliopas\u201c, \u201e\u017dalnieriukas\u201c ir kt.). V. \u016asovo k\u016brybos darbai \u2013 \u0161okiai \u201eTauka\u010dikas\u201c ir \u201e\u0160leiva, kreiva karv\u0117\u201c \u2013 net buvo \u012ftraukti \u012f 2009 m. T\u016bkstantme\u010dio dain\u0173 \u0161vent\u0117s \u0160oki\u0173 dienos program\u0105. Vadovaujant V. \u016asovui \u201eSietuva\u201c bendradarbiavo su profesionaliais choreografais: Ri\u010dardu Tamu\u010diu (1927\u20132015), Laimute Kisieliene; kompozitoriais: J\u016brate Baltramiej\u016bnaite ir Ar\u016bnu Rak\u0161niu. Taip pat aktyviai bendradarbiauta su baletmeisteriu Alfredu Kondratavi\u010diumi, kurio sukurti \u0161okiai pasi\u017eymi i\u0161ties savitu stiliumi.<\/p>\n<p style=\"text-align: justify;\">Nuo 2011 ansambliui prad\u0117jo vadovauti Edmundas \u017di\u010dka. 2013 metais \u017ei\u016brovams buvo pristatyta teatralizuota autorin\u0117 liaudi\u0161k\u0173 \u0161oki\u0173 programa \u201eTeka up\u0117\u201c, kuri\u0105 kuriant meno vadovas grie\u017etai laik\u0117si liaudi\u0161ko \u0161okio tradicijos, bet kartu ie\u0161kojo nauj\u0173 judesi\u0173, form\u0173, melodij\u0173. Programai sukurta 12 \u0161oki\u0173. Su \u0161ia programa 2015 metais ansamblis tapo \u201eKadagio\u201c konkurso laureatu. Programai sukurti k\u016briniai labai paplito kituose liaudi\u0161k\u0173 \u0161oki\u0173 kolektyvuose, buvo \u012ftraukti \u012f Dain\u0173 \u0161ven\u010di\u0173 programas.<\/p>\n<p style=\"text-align: justify;\">2018 metais, atsiimant pelnyt\u0105 \u201eAukso pauk\u0161t\u0117s\u201c apdovanojim\u0105, kaip geriausiam 2017 m. \u0161oki\u0173 ansambliui ir vadovui, \u017ei\u016brovui buvo pristatyta pasaulin\u0117 premjera: \u0160okio spektaklis \u201eB+K: legenda apie Birut\u0119 ir K\u0119stut\u012f\u201c (kompozitorius Donatas Zakaras). Spektaklis sulauk\u0117 didel\u0117s s\u0117km\u0117s ir buvo parodytas net Trak\u0173 salos pilyje (2020). Supratus, kad liaudi\u0161kas menas gali pasi\u016blyti \u017ei\u016brovui \u017eymiai daugiau ir \u012fdomesni\u0173 tem\u0173 meno vadovui gim\u0117 mintis sukurti \u0161okio spektakl\u012f \u201eKosmo\u201c. Tad \u0161\u012f kart\u0105 choreografas Edmundas \u017di\u010dka kviet\u0117 pakelti akis \u012f dang\u0173: Saul\u0117, M\u0117nulis ir j\u0173 santykis su \u017deme \u2013 tai kertin\u0117 neotautinio \u0161okio spektaklio \u201eKosmo\u201c a\u0161is\u201c. (2022-2025) Labai smagu, kad \u0161iam spektakliui pavyko suburti puikius ir labai skirtingus kompozitorius. Donatas Zakaras ir Remigijus Ran\u010dys tur\u0117jo skirtinga santyk\u012f su liaudi\u0161ka muzika, liaudies instrumentu orkestru, \u0161okiais. \u0160is skirtingas poliari\u0161kumas labai tiko sumanymui ir labai praturtino muzikin\u012f audin\u012f.<\/p>\n<p>2022 met\u0173 pabaigoje ansamblio ir Vilniaus technologij\u0173 ir dizaino kolegijos keliai i\u0161siskyr\u0117 ir ansamblis tapo nepriklausomu kolektyvu.<\/p>\n<p style=\"text-align: justify;\">\u201eSietuvos\u201c ansamblyje susib\u016br\u0117 tie jauni \u017emon\u0117s, kuriems \u012fdomu ir malonu puosel\u0117ti \u0161alies kult\u016br\u0105. Tikriausiai ne veltui \u0161iam kolektyvui buvo suteiktas toks skambus vardas. Juk \u201esietuva\u201c \u2013 e\u017eer\u0173 ar upi\u0173 santaka. Jos vingiuoja savo vagas kiekviena \u012f skirting\u0105 pus\u0119, ta\u010diau vis tiek yra vieta, \u012f kuri\u0105 up\u0117s suteka ir taip susipina \u012f pla\u010di\u0105 vanden\u0173 pyn\u0119.<\/p>\n<p>&nbsp;<\/p>\n<p><strong>Liaudi\u0161k\u0173 \u0161oki\u0173 grup\u0117 SIETUVA ALUMNI<\/strong><\/p>\n<p>Susib\u016br\u0117 2023 metais (Vadovas Edmundas \u017di\u010dka). Sietuvos alumnai - tai \u0161okio, muzikos ir bendryst\u0117s jausmo suvienytas \u0161ok\u0117j\u0173 kolektyvas, savo pasirodymais atskleid\u017eiantis tautinio \u0161okio gro\u017e\u012f ir judesio d\u017eiaugsm\u0105. \u0160okame sau, \u0161okame jums, \u0161okame kiekvienam, gerbian\u010diam lietuvi\u0173 liaudies tradicijas ir j\u0173 t\u0105s\u0105.<\/p>\n<p style=\"text-align: justify;\"><strong><em>Maloni\u0173 akimirk\u0173 ir gra\u017ei\u0173 koncert\u0173 kartu su \u00a0\u201eSietuva\u201c!<\/em><\/strong><\/p>\n<\/div>\n<\/div><\/div><\/div><\/div><\/div>","protected":false},"excerpt":{"rendered":"<p>Draugaukime Susipa\u017einkime\u00a0 Pasiklausykime\u00a0 \u201eSietuva\u201c ger\u0105 nuotaik\u0105 jums dovanoja, Trypia smagiai, kad net scena kilnojas. Mint\u012f gvildena, \u012f \u0161ok\u012f pina, Kuria pa\u0161\u0117lusiai linksm\u0105 student\u0173 suktin\u012f. Tautini\u0173 \u0161oki\u0173 ansamblis \u201eSietuva\u201c \u2013 gilias tradicijas ir ilg\u0105 istorij\u0105 turintis kolektyvas, skai\u010diuojantis savo metus nuo 1956 m. \u0160iuo metu ansambl\u012f sudaro jaunimo ir alumn\u0173 \u0161ok\u0117j\u0173 grup\u0117s ir liaudies instrument\u0173 orkestras.&hellip;<\/p>\n","protected":false},"author":1,"featured_media":0,"parent":0,"menu_order":0,"comment_status":"closed","ping_status":"closed","template":"","meta":{"_mi_skip_tracking":false},"yoast_head":"<!-- This site is optimized with the Yoast SEO plugin v19.0 - https:\/\/yoast.com\/wordpress\/plugins\/seo\/ -->\n<title>Apie mus - Tautini\u0173 \u0161oki\u0173 kolektyvas Vilniuje<\/title>\n<meta name=\"description\" content=\"VTDK jaunimo tautini\u0173 \u0161oki\u0173 ansamblis \u201eSietuva\u201c \u2013 gilias tradicijas ir ilg\u0105 istorij\u0105 turintis kolektyvas, skai\u010diuojantis savo metus nuo 1956 m.\" \/>\n<meta name=\"robots\" content=\"index, follow, max-snippet:-1, max-image-preview:large, max-video-preview:-1\" \/>\n<link rel=\"canonical\" href=\"https:\/\/sietuva.lt\/index.php\/apie-mus\/\" \/>\n<meta property=\"og:locale\" content=\"en_US\" \/>\n<meta property=\"og:type\" content=\"article\" \/>\n<meta property=\"og:title\" content=\"Apie mus - Tautini\u0173 \u0161oki\u0173 kolektyvas Vilniuje\" \/>\n<meta property=\"og:description\" content=\"VTDK jaunimo tautini\u0173 \u0161oki\u0173 ansamblis \u201eSietuva\u201c \u2013 gilias tradicijas ir ilg\u0105 istorij\u0105 turintis kolektyvas, skai\u010diuojantis savo metus nuo 1956 m.\" \/>\n<meta property=\"og:url\" content=\"https:\/\/sietuva.lt\/index.php\/apie-mus\/\" \/>\n<meta property=\"og:site_name\" content=\"Tautini\u0173 \u0161oki\u0173 kolektyvas Vilniuje\" \/>\n<meta property=\"article:modified_time\" content=\"2026-03-27T08:56:09+00:00\" \/>\n<meta property=\"og:image\" content=\"https:\/\/sietuva.lt\/wp-content\/uploads\/2016\/11\/facebook-icon-5-1.png\" \/>\n<meta name=\"twitter:card\" content=\"summary\" \/>\n<meta name=\"twitter:label1\" content=\"Est. reading time\" \/>\n\t<meta name=\"twitter:data1\" content=\"4 minutes\" \/>\n<script type=\"application\/ld+json\" class=\"yoast-schema-graph\">{\"@context\":\"https:\/\/schema.org\",\"@graph\":[{\"@type\":\"WebSite\",\"@id\":\"https:\/\/sietuva.lt\/#website\",\"url\":\"https:\/\/sietuva.lt\/\",\"name\":\"Tautini\u0173 \u0161oki\u0173 kolektyvas Vilniuje\",\"description\":\"Ansamblis SIETUVA\",\"potentialAction\":[{\"@type\":\"SearchAction\",\"target\":{\"@type\":\"EntryPoint\",\"urlTemplate\":\"https:\/\/sietuva.lt\/?s={search_term_string}\"},\"query-input\":\"required name=search_term_string\"}],\"inLanguage\":\"en-US\"},{\"@type\":\"ImageObject\",\"inLanguage\":\"en-US\",\"@id\":\"https:\/\/sietuva.lt\/index.php\/apie-mus\/#primaryimage\",\"url\":\"https:\/\/sietuva.lt\/wp-content\/uploads\/2016\/11\/facebook-icon-5-1.png\",\"contentUrl\":\"https:\/\/sietuva.lt\/wp-content\/uploads\/2016\/11\/facebook-icon-5-1.png\",\"width\":1200,\"height\":1203},{\"@type\":\"WebPage\",\"@id\":\"https:\/\/sietuva.lt\/index.php\/apie-mus\/#webpage\",\"url\":\"https:\/\/sietuva.lt\/index.php\/apie-mus\/\",\"name\":\"Apie mus - Tautini\u0173 \u0161oki\u0173 kolektyvas Vilniuje\",\"isPartOf\":{\"@id\":\"https:\/\/sietuva.lt\/#website\"},\"primaryImageOfPage\":{\"@id\":\"https:\/\/sietuva.lt\/index.php\/apie-mus\/#primaryimage\"},\"datePublished\":\"2016-11-14T20:44:23+00:00\",\"dateModified\":\"2026-03-27T08:56:09+00:00\",\"description\":\"VTDK jaunimo tautini\u0173 \u0161oki\u0173 ansamblis \u201eSietuva\u201c \u2013 gilias tradicijas ir ilg\u0105 istorij\u0105 turintis kolektyvas, skai\u010diuojantis savo metus nuo 1956 m.\",\"breadcrumb\":{\"@id\":\"https:\/\/sietuva.lt\/index.php\/apie-mus\/#breadcrumb\"},\"inLanguage\":\"en-US\",\"potentialAction\":[{\"@type\":\"ReadAction\",\"target\":[\"https:\/\/sietuva.lt\/index.php\/apie-mus\/\"]}]},{\"@type\":\"BreadcrumbList\",\"@id\":\"https:\/\/sietuva.lt\/index.php\/apie-mus\/#breadcrumb\",\"itemListElement\":[{\"@type\":\"ListItem\",\"position\":1,\"name\":\"Home\",\"item\":\"https:\/\/sietuva.lt\/\"},{\"@type\":\"ListItem\",\"position\":2,\"name\":\"Apie mus\"}]}]}<\/script>\n<!-- \/ Yoast SEO plugin. -->","yoast_head_json":{"title":"Apie mus - Tautini\u0173 \u0161oki\u0173 kolektyvas Vilniuje","description":"VTDK jaunimo tautini\u0173 \u0161oki\u0173 ansamblis \u201eSietuva\u201c \u2013 gilias tradicijas ir ilg\u0105 istorij\u0105 turintis kolektyvas, skai\u010diuojantis savo metus nuo 1956 m.","robots":{"index":"index","follow":"follow","max-snippet":"max-snippet:-1","max-image-preview":"max-image-preview:large","max-video-preview":"max-video-preview:-1"},"canonical":"https:\/\/sietuva.lt\/index.php\/apie-mus\/","og_locale":"en_US","og_type":"article","og_title":"Apie mus - Tautini\u0173 \u0161oki\u0173 kolektyvas Vilniuje","og_description":"VTDK jaunimo tautini\u0173 \u0161oki\u0173 ansamblis \u201eSietuva\u201c \u2013 gilias tradicijas ir ilg\u0105 istorij\u0105 turintis kolektyvas, skai\u010diuojantis savo metus nuo 1956 m.","og_url":"https:\/\/sietuva.lt\/index.php\/apie-mus\/","og_site_name":"Tautini\u0173 \u0161oki\u0173 kolektyvas Vilniuje","article_modified_time":"2026-03-27T08:56:09+00:00","og_image":[{"url":"https:\/\/sietuva.lt\/wp-content\/uploads\/2016\/11\/facebook-icon-5-1.png"}],"twitter_card":"summary","twitter_misc":{"Est. reading time":"4 minutes"},"schema":{"@context":"https:\/\/schema.org","@graph":[{"@type":"WebSite","@id":"https:\/\/sietuva.lt\/#website","url":"https:\/\/sietuva.lt\/","name":"Tautini\u0173 \u0161oki\u0173 kolektyvas Vilniuje","description":"Ansamblis SIETUVA","potentialAction":[{"@type":"SearchAction","target":{"@type":"EntryPoint","urlTemplate":"https:\/\/sietuva.lt\/?s={search_term_string}"},"query-input":"required name=search_term_string"}],"inLanguage":"en-US"},{"@type":"ImageObject","inLanguage":"en-US","@id":"https:\/\/sietuva.lt\/index.php\/apie-mus\/#primaryimage","url":"https:\/\/sietuva.lt\/wp-content\/uploads\/2016\/11\/facebook-icon-5-1.png","contentUrl":"https:\/\/sietuva.lt\/wp-content\/uploads\/2016\/11\/facebook-icon-5-1.png","width":1200,"height":1203},{"@type":"WebPage","@id":"https:\/\/sietuva.lt\/index.php\/apie-mus\/#webpage","url":"https:\/\/sietuva.lt\/index.php\/apie-mus\/","name":"Apie mus - Tautini\u0173 \u0161oki\u0173 kolektyvas Vilniuje","isPartOf":{"@id":"https:\/\/sietuva.lt\/#website"},"primaryImageOfPage":{"@id":"https:\/\/sietuva.lt\/index.php\/apie-mus\/#primaryimage"},"datePublished":"2016-11-14T20:44:23+00:00","dateModified":"2026-03-27T08:56:09+00:00","description":"VTDK jaunimo tautini\u0173 \u0161oki\u0173 ansamblis \u201eSietuva\u201c \u2013 gilias tradicijas ir ilg\u0105 istorij\u0105 turintis kolektyvas, skai\u010diuojantis savo metus nuo 1956 m.","breadcrumb":{"@id":"https:\/\/sietuva.lt\/index.php\/apie-mus\/#breadcrumb"},"inLanguage":"en-US","potentialAction":[{"@type":"ReadAction","target":["https:\/\/sietuva.lt\/index.php\/apie-mus\/"]}]},{"@type":"BreadcrumbList","@id":"https:\/\/sietuva.lt\/index.php\/apie-mus\/#breadcrumb","itemListElement":[{"@type":"ListItem","position":1,"name":"Home","item":"https:\/\/sietuva.lt\/"},{"@type":"ListItem","position":2,"name":"Apie mus"}]}]}},"_links":{"self":[{"href":"https:\/\/sietuva.lt\/index.php\/wp-json\/wp\/v2\/pages\/35"}],"collection":[{"href":"https:\/\/sietuva.lt\/index.php\/wp-json\/wp\/v2\/pages"}],"about":[{"href":"https:\/\/sietuva.lt\/index.php\/wp-json\/wp\/v2\/types\/page"}],"author":[{"embeddable":true,"href":"https:\/\/sietuva.lt\/index.php\/wp-json\/wp\/v2\/users\/1"}],"replies":[{"embeddable":true,"href":"https:\/\/sietuva.lt\/index.php\/wp-json\/wp\/v2\/comments?post=35"}],"version-history":[{"count":25,"href":"https:\/\/sietuva.lt\/index.php\/wp-json\/wp\/v2\/pages\/35\/revisions"}],"predecessor-version":[{"id":900,"href":"https:\/\/sietuva.lt\/index.php\/wp-json\/wp\/v2\/pages\/35\/revisions\/900"}],"wp:attachment":[{"href":"https:\/\/sietuva.lt\/index.php\/wp-json\/wp\/v2\/media?parent=35"}],"curies":[{"name":"wp","href":"https:\/\/api.w.org\/{rel}","templated":true}]}}