{"id":368,"date":"2017-01-15T20:29:29","date_gmt":"2017-01-15T18:29:29","guid":{"rendered":"https:\/\/sietuva.lt\/?page_id=368"},"modified":"2025-07-21T13:55:21","modified_gmt":"2025-07-21T11:55:21","slug":"contacts","status":"publish","type":"page","link":"https:\/\/sietuva.lt\/index.php\/en\/contacts\/","title":{"rendered":"Contacts"},"content":{"rendered":"<div id=\"pl-368\"  class=\"panel-layout\" ><div id=\"pg-368-0\"  class=\"panel-grid panel-no-style\" ><div id=\"pgc-368-0-0\"  class=\"panel-grid-cell\" ><div id=\"panel-368-0-0-0\" class=\"so-panel widget widget_sow-editor panel-first-child panel-last-child\" data-index=\"0\" ><div\n\t\t\t\n\t\t\tclass=\"so-widget-sow-editor so-widget-sow-editor-base\"\n\t\t\t\n\t\t>\n<div class=\"siteorigin-widget-tinymce textwidget\">\n\t<p style=\"text-align: center;\"><span style=\"color: #0000ff;\">http:\/\/www.sietuva.lt<\/span><br \/>Email: <span style=\"color: #0000ff;\">sietuva@yahoo.com<\/span><\/p>\n<p>\u00a0<\/p>\n<\/div>\n<\/div><\/div><\/div><div id=\"pgc-368-0-1\"  class=\"panel-grid-cell\" ><div id=\"panel-368-0-1-0\" class=\"so-panel widget widget_sow-editor panel-first-child panel-last-child\" data-index=\"1\" ><div\n\t\t\t\n\t\t\tclass=\"so-widget-sow-editor so-widget-sow-editor-base\"\n\t\t\t\n\t\t>\n<div class=\"siteorigin-widget-tinymce textwidget\">\n\t<p style=\"text-align: center;\"><strong>ART DIRECTOR<\/strong><br \/><strong>Edmundas \u017di\u010dka<\/strong><br \/>tel. +370 674 08 391<\/p>\n<\/div>\n<\/div><\/div><\/div><div id=\"pgc-368-0-2\"  class=\"panel-grid-cell\" ><div id=\"panel-368-0-2-0\" class=\"so-panel widget widget_sow-editor panel-first-child panel-last-child\" data-index=\"2\" ><div\n\t\t\t\n\t\t\tclass=\"so-widget-sow-editor so-widget-sow-editor-base\"\n\t\t\t\n\t\t>\n<div class=\"siteorigin-widget-tinymce textwidget\">\n\t<p style=\"text-align: center;\">Folk dance ensemble SIETUVA<br \/>\nVilnius, Lithuania<\/p>\n<\/div>\n<\/div><\/div><\/div><\/div><\/div>","protected":false},"excerpt":{"rendered":"<p>http:\/\/www.sietuva.ltEmail: sietuva@yahoo.com \u00a0 ART DIRECTOREdmundas \u017di\u010dkatel. +370 674 08 391 Folk dance ensemble SIETUVA Vilnius, Lithuania<\/p>\n","protected":false},"author":1,"featured_media":0,"parent":0,"menu_order":0,"comment_status":"closed","ping_status":"closed","template":"","meta":{"_mi_skip_tracking":false},"yoast_head":"<!-- This site is optimized with the Yoast SEO plugin v19.0 - https:\/\/yoast.com\/wordpress\/plugins\/seo\/ -->\n<title>Contacts - Tautini\u0173 \u0161oki\u0173 kolektyvas Vilniuje<\/title>\n<meta name=\"robots\" content=\"index, follow, max-snippet:-1, max-image-preview:large, max-video-preview:-1\" \/>\n<link rel=\"canonical\" href=\"https:\/\/sietuva.lt\/index.php\/en\/contacts\/\" \/>\n<meta property=\"og:locale\" content=\"en_US\" \/>\n<meta property=\"og:type\" content=\"article\" \/>\n<meta property=\"og:title\" content=\"Contacts - Tautini\u0173 \u0161oki\u0173 kolektyvas Vilniuje\" \/>\n<meta property=\"og:description\" content=\"http:\/\/www.sietuva.ltEmail: sietuva@yahoo.com \u00a0 ART DIRECTOREdmundas \u017di\u010dkatel. +370 674 08 391 Folk dance ensemble SIETUVA Vilnius, Lithuania\" \/>\n<meta property=\"og:url\" content=\"https:\/\/sietuva.lt\/index.php\/en\/contacts\/\" \/>\n<meta property=\"og:site_name\" content=\"Tautini\u0173 \u0161oki\u0173 kolektyvas Vilniuje\" \/>\n<meta property=\"article:modified_time\" content=\"2025-07-21T11:55:21+00:00\" \/>\n<meta name=\"twitter:card\" content=\"summary\" \/>\n<script type=\"application\/ld+json\" class=\"yoast-schema-graph\">{\"@context\":\"https:\/\/schema.org\",\"@graph\":[{\"@type\":\"WebSite\",\"@id\":\"https:\/\/sietuva.lt\/#website\",\"url\":\"https:\/\/sietuva.lt\/\",\"name\":\"Tautini\u0173 \u0161oki\u0173 kolektyvas Vilniuje\",\"description\":\"Ansamblis SIETUVA\",\"potentialAction\":[{\"@type\":\"SearchAction\",\"target\":{\"@type\":\"EntryPoint\",\"urlTemplate\":\"https:\/\/sietuva.lt\/?s={search_term_string}\"},\"query-input\":\"required name=search_term_string\"}],\"inLanguage\":\"en-US\"},{\"@type\":\"WebPage\",\"@id\":\"https:\/\/sietuva.lt\/index.php\/en\/contacts\/#webpage\",\"url\":\"https:\/\/sietuva.lt\/index.php\/en\/contacts\/\",\"name\":\"Contacts - Tautini\u0173 \u0161oki\u0173 kolektyvas Vilniuje\",\"isPartOf\":{\"@id\":\"https:\/\/sietuva.lt\/#website\"},\"datePublished\":\"2017-01-15T18:29:29+00:00\",\"dateModified\":\"2025-07-21T11:55:21+00:00\",\"breadcrumb\":{\"@id\":\"https:\/\/sietuva.lt\/index.php\/en\/contacts\/#breadcrumb\"},\"inLanguage\":\"en-US\",\"potentialAction\":[{\"@type\":\"ReadAction\",\"target\":[\"https:\/\/sietuva.lt\/index.php\/en\/contacts\/\"]}]},{\"@type\":\"BreadcrumbList\",\"@id\":\"https:\/\/sietuva.lt\/index.php\/en\/contacts\/#breadcrumb\",\"itemListElement\":[{\"@type\":\"ListItem\",\"position\":1,\"name\":\"Home\",\"item\":\"https:\/\/sietuva.lt\/\"},{\"@type\":\"ListItem\",\"position\":2,\"name\":\"Contacts\"}]}]}<\/script>\n<!-- \/ Yoast SEO plugin. -->","yoast_head_json":{"title":"Contacts - Tautini\u0173 \u0161oki\u0173 kolektyvas Vilniuje","robots":{"index":"index","follow":"follow","max-snippet":"max-snippet:-1","max-image-preview":"max-image-preview:large","max-video-preview":"max-video-preview:-1"},"canonical":"https:\/\/sietuva.lt\/index.php\/en\/contacts\/","og_locale":"en_US","og_type":"article","og_title":"Contacts - Tautini\u0173 \u0161oki\u0173 kolektyvas Vilniuje","og_description":"http:\/\/www.sietuva.ltEmail: sietuva@yahoo.com \u00a0 ART DIRECTOREdmundas \u017di\u010dkatel. +370 674 08 391 Folk dance ensemble SIETUVA Vilnius, Lithuania","og_url":"https:\/\/sietuva.lt\/index.php\/en\/contacts\/","og_site_name":"Tautini\u0173 \u0161oki\u0173 kolektyvas Vilniuje","article_modified_time":"2025-07-21T11:55:21+00:00","twitter_card":"summary","schema":{"@context":"https:\/\/schema.org","@graph":[{"@type":"WebSite","@id":"https:\/\/sietuva.lt\/#website","url":"https:\/\/sietuva.lt\/","name":"Tautini\u0173 \u0161oki\u0173 kolektyvas Vilniuje","description":"Ansamblis SIETUVA","potentialAction":[{"@type":"SearchAction","target":{"@type":"EntryPoint","urlTemplate":"https:\/\/sietuva.lt\/?s={search_term_string}"},"query-input":"required name=search_term_string"}],"inLanguage":"en-US"},{"@type":"WebPage","@id":"https:\/\/sietuva.lt\/index.php\/en\/contacts\/#webpage","url":"https:\/\/sietuva.lt\/index.php\/en\/contacts\/","name":"Contacts - Tautini\u0173 \u0161oki\u0173 kolektyvas Vilniuje","isPartOf":{"@id":"https:\/\/sietuva.lt\/#website"},"datePublished":"2017-01-15T18:29:29+00:00","dateModified":"2025-07-21T11:55:21+00:00","breadcrumb":{"@id":"https:\/\/sietuva.lt\/index.php\/en\/contacts\/#breadcrumb"},"inLanguage":"en-US","potentialAction":[{"@type":"ReadAction","target":["https:\/\/sietuva.lt\/index.php\/en\/contacts\/"]}]},{"@type":"BreadcrumbList","@id":"https:\/\/sietuva.lt\/index.php\/en\/contacts\/#breadcrumb","itemListElement":[{"@type":"ListItem","position":1,"name":"Home","item":"https:\/\/sietuva.lt\/"},{"@type":"ListItem","position":2,"name":"Contacts"}]}]}},"_links":{"self":[{"href":"https:\/\/sietuva.lt\/index.php\/wp-json\/wp\/v2\/pages\/368"}],"collection":[{"href":"https:\/\/sietuva.lt\/index.php\/wp-json\/wp\/v2\/pages"}],"about":[{"href":"https:\/\/sietuva.lt\/index.php\/wp-json\/wp\/v2\/types\/page"}],"author":[{"embeddable":true,"href":"https:\/\/sietuva.lt\/index.php\/wp-json\/wp\/v2\/users\/1"}],"replies":[{"embeddable":true,"href":"https:\/\/sietuva.lt\/index.php\/wp-json\/wp\/v2\/comments?post=368"}],"version-history":[{"count":6,"href":"https:\/\/sietuva.lt\/index.php\/wp-json\/wp\/v2\/pages\/368\/revisions"}],"predecessor-version":[{"id":852,"href":"https:\/\/sietuva.lt\/index.php\/wp-json\/wp\/v2\/pages\/368\/revisions\/852"}],"wp:attachment":[{"href":"https:\/\/sietuva.lt\/index.php\/wp-json\/wp\/v2\/media?parent=368"}],"curies":[{"name":"wp","href":"https:\/\/api.w.org\/{rel}","templated":true}]}}